{"id":1672,"date":"2025-05-19T16:28:33","date_gmt":"2025-05-19T14:28:33","guid":{"rendered":"https:\/\/meeeg.uma.es\/?page_id=1672"},"modified":"2025-05-25T23:57:13","modified_gmt":"2025-05-25T21:57:13","slug":"acceso","status":"publish","type":"page","link":"https:\/\/meeeg.uma.es\/en\/acceso\/","title":{"rendered":"Access"},"content":{"rendered":"<div data-elementor-type=\"wp-page\" data-elementor-id=\"1672\" class=\"elementor elementor-1672\">\n\t\t\t\t<div class=\"elementor-element elementor-element-2e97ffd e-flex e-con-boxed e-con e-parent\" data-id=\"2e97ffd\" data-element_type=\"container\" data-settings=\"{&quot;background_background&quot;:&quot;classic&quot;}\">\n\t\t\t\t\t<div class=\"e-con-inner\">\n\t\t\t\t<div class=\"elementor-element elementor-element-42e3f45 elementor-widget elementor-widget-heading\" data-id=\"42e3f45\" data-element_type=\"widget\" data-widget_type=\"heading.default\">\n\t\t\t\t<div class=\"elementor-widget-container\">\n\t\t\t\t\t<h2 class=\"elementor-heading-title elementor-size-default\">ACCESS<\/h2>\t\t\t\t<\/div>\n\t\t\t\t<\/div>\n\t\t\t\t\t<\/div>\n\t\t\t\t<\/div>\n\t\t<div class=\"elementor-element elementor-element-72f56ff e-grid e-con-boxed e-con e-parent\" data-id=\"72f56ff\" data-element_type=\"container\">\n\t\t\t\t\t<div class=\"e-con-inner\">\n\t\t\t\t<div class=\"elementor-element elementor-element-d635100 elementor-align-center elementor-widget elementor-widget-button\" data-id=\"d635100\" data-element_type=\"widget\" data-widget_type=\"button.default\">\n\t\t\t\t<div class=\"elementor-widget-container\">\n\t\t\t\t\t\t\t\t\t<div class=\"elementor-button-wrapper\">\n\t\t\t\t\t<a class=\"elementor-button elementor-button-link elementor-size-sm\" href=\"https:\/\/meeeg.uma.es\/en\/admision\/\">\n\t\t\t\t\t\t<span class=\"elementor-button-content-wrapper\">\n\t\t\t\t\t\t\t\t\t<span class=\"elementor-button-text\">Apply<\/span>\n\t\t\t\t\t<\/span>\n\t\t\t\t\t<\/a>\n\t\t\t\t<\/div>\n\t\t\t\t\t\t\t\t<\/div>\n\t\t\t\t<\/div>\n\t\t\t\t<div class=\"elementor-element elementor-element-b546092 elementor-align-center elementor-widget elementor-widget-button\" data-id=\"b546092\" data-element_type=\"widget\" data-widget_type=\"button.default\">\n\t\t\t\t<div class=\"elementor-widget-container\">\n\t\t\t\t\t\t\t\t\t<div class=\"elementor-button-wrapper\">\n\t\t\t\t\t<a class=\"elementor-button elementor-button-link elementor-size-sm\" href=\"https:\/\/meeeg.uma.es\/en\/financiacion\/\">\n\t\t\t\t\t\t<span class=\"elementor-button-content-wrapper\">\n\t\t\t\t\t\t\t\t\t<span class=\"elementor-button-text\">Funding<\/span>\n\t\t\t\t\t<\/span>\n\t\t\t\t\t<\/a>\n\t\t\t\t<\/div>\n\t\t\t\t\t\t\t\t<\/div>\n\t\t\t\t<\/div>\n\t\t\t\t\t<\/div>\n\t\t\t\t<\/div>\n\t\t<div class=\"elementor-element elementor-element-fac01d5 e-flex e-con-boxed e-con e-parent\" data-id=\"fac01d5\" data-element_type=\"container\">\n\t\t\t\t\t<div class=\"e-con-inner\">\n\t\t\t\t<div class=\"elementor-element elementor-element-f24cb45 elementor-widget elementor-widget-text-editor\" data-id=\"f24cb45\" data-element_type=\"widget\" data-widget_type=\"text-editor.default\">\n\t\t\t\t<div class=\"elementor-widget-container\">\n\t\t\t\t\t\t\t\t\t<p>The Master\u2019s in European Economic Studies within the Framework of Globalisation, launched in the 2022\u201323 academic year, has already established itself as a cutting-edge programme for those wishing to tackle the challenges of an increasingly interconnected economy. Although we are a young programme, we have just celebrated our third cohort, which gives us the flexibility and energy to incorporate innovative content and methodologies year after year.<\/p><p>\u00a0<\/p><p><strong>Why choose this Master\u2019s?<\/strong><\/p><ul><li><em><strong>Multidisciplinary, hands-on approach.<\/strong><\/em> We combine economic theory with law and international relations, using real-world case studies, simulations of European policy-making and international negotiation workshops.<\/li><li><em><strong>Expert faculty and extensive network of collaborators.<\/strong><\/em> Our teaching staff boast distinguished academic careers and active links with EU institutions, think-tanks and leading companies.<\/li><li><em><strong>Dynamic, up-to-date methodology.<\/strong><\/em> Each year we review and refine our syllabus to include the latest global data and trends, and we gather student feedback to ensure the best possible learning experience for future cohorts.<\/li><li><em><strong>International environment.<\/strong><\/em> Tuition is delivered in Spanish, with the option of teaching in English, and we encourage student exchange and interaction with peers from around the world.<\/li><\/ul><p><strong>What sets us apart<\/strong><\/p><p>Our \u201cyouth\u201d is an asset: we adapt our curriculum in real time to reflect regulatory changes and emerging crises (for example, new US sanctions, post-pandemic recovery plans such as NextGeneration-EU, the European Green Deal).<\/p><p>\u00a0<\/p><p>If you are seeking a dynamic Master\u2019s with a truly global European focus, and you aspire to become a professional capable of designing and implementing solutions in complex environments, this is the programme for you.<br \/>We look forward to building Europe\u2019s economic future together!<\/p>\t\t\t\t\t\t\t\t<\/div>\n\t\t\t\t<\/div>\n\t\t\t\t\t<\/div>\n\t\t\t\t<\/div>\n\t\t\t\t<\/div>","protected":false},"excerpt":{"rendered":"<p>ACCESO Admisi\u00f3n Financiaci\u00f3n El M\u00e1ster en Estudios Econ\u00f3micos Europeos en el Marco de la Globalizaci\u00f3n, puesto en marcha en el curso 2022-2023, se ha consolidado ya como una propuesta formativa de vanguardia para quienes desean afrontar los retos de una econom\u00eda cada vez m\u00e1s interconectada. Aunque somos un programa joven, contamos con tres promociones, lo [&hellip;]<\/p>","protected":false},"author":1,"featured_media":0,"parent":0,"menu_order":0,"comment_status":"closed","ping_status":"closed","template":"","meta":{"site-sidebar-layout":"no-sidebar","site-content-layout":"page-builder","ast-site-content-layout":"full-width-container","site-content-style":"default","site-sidebar-style":"default","ast-global-header-display":"","ast-banner-title-visibility":"","ast-main-header-display":"","ast-hfb-above-header-display":"","ast-hfb-below-header-display":"","ast-hfb-mobile-header-display":"","site-post-title":"disabled","ast-breadcrumbs-content":"","ast-featured-img":"disabled","footer-sml-layout":"","theme-transparent-header-meta":"","adv-header-id-meta":"","stick-header-meta":"","header-above-stick-meta":"","header-main-stick-meta":"","header-below-stick-meta":"","astra-migrate-meta-layouts":"default","ast-page-background-enabled":"default","ast-page-background-meta":{"desktop":{"background-color":"var(--ast-global-color-4)","background-image":"","background-repeat":"repeat","background-position":"center center","background-size":"auto","background-attachment":"scroll","background-type":"","background-media":"","overlay-type":"","overlay-color":"","overlay-opacity":"","overlay-gradient":""},"tablet":{"background-color":"","background-image":"","background-repeat":"repeat","background-position":"center center","background-size":"auto","background-attachment":"scroll","background-type":"","background-media":"","overlay-type":"","overlay-color":"","overlay-opacity":"","overlay-gradient":""},"mobile":{"background-color":"","background-image":"","background-repeat":"repeat","background-position":"center center","background-size":"auto","background-attachment":"scroll","background-type":"","background-media":"","overlay-type":"","overlay-color":"","overlay-opacity":"","overlay-gradient":""}},"ast-content-background-meta":{"desktop":{"background-color":"var(--ast-global-color-5)","background-image":"","background-repeat":"repeat","background-position":"center center","background-size":"auto","background-attachment":"scroll","background-type":"","background-media":"","overlay-type":"","overlay-color":"","overlay-opacity":"","overlay-gradient":""},"tablet":{"background-color":"var(--ast-global-color-5)","background-image":"","background-repeat":"repeat","background-position":"center center","background-size":"auto","background-attachment":"scroll","background-type":"","background-media":"","overlay-type":"","overlay-color":"","overlay-opacity":"","overlay-gradient":""},"mobile":{"background-color":"var(--ast-global-color-5)","background-image":"","background-repeat":"repeat","background-position":"center center","background-size":"auto","background-attachment":"scroll","background-type":"","background-media":"","overlay-type":"","overlay-color":"","overlay-opacity":"","overlay-gradient":""}},"footnotes":""},"class_list":["post-1672","page","type-page","status-publish","hentry"],"_links":{"self":[{"href":"https:\/\/meeeg.uma.es\/en\/wp-json\/wp\/v2\/pages\/1672","targetHints":{"allow":["GET"]}}],"collection":[{"href":"https:\/\/meeeg.uma.es\/en\/wp-json\/wp\/v2\/pages"}],"about":[{"href":"https:\/\/meeeg.uma.es\/en\/wp-json\/wp\/v2\/types\/page"}],"author":[{"embeddable":true,"href":"https:\/\/meeeg.uma.es\/en\/wp-json\/wp\/v2\/users\/1"}],"replies":[{"embeddable":true,"href":"https:\/\/meeeg.uma.es\/en\/wp-json\/wp\/v2\/comments?post=1672"}],"version-history":[{"count":0,"href":"https:\/\/meeeg.uma.es\/en\/wp-json\/wp\/v2\/pages\/1672\/revisions"}],"wp:attachment":[{"href":"https:\/\/meeeg.uma.es\/en\/wp-json\/wp\/v2\/media?parent=1672"}],"curies":[{"name":"wp","href":"https:\/\/api.w.org\/{rel}","templated":true}]}}