{"id":1695,"date":"2025-05-19T16:47:16","date_gmt":"2025-05-19T14:47:16","guid":{"rendered":"https:\/\/meeeg.uma.es\/?page_id=1695"},"modified":"2025-05-25T23:56:19","modified_gmt":"2025-05-25T21:56:19","slug":"empresas","status":"publish","type":"page","link":"https:\/\/meeeg.uma.es\/en\/empresas\/","title":{"rendered":"Companies"},"content":{"rendered":"<div data-elementor-type=\"wp-page\" data-elementor-id=\"1695\" class=\"elementor elementor-1695\">\n\t\t\t\t<div class=\"elementor-element elementor-element-fdebe94 e-flex e-con-boxed e-con e-parent\" data-id=\"fdebe94\" data-element_type=\"container\" data-settings=\"{&quot;background_background&quot;:&quot;classic&quot;}\">\n\t\t\t\t\t<div class=\"e-con-inner\">\n\t\t\t\t<div class=\"elementor-element elementor-element-c1268f4 elementor-widget elementor-widget-heading\" data-id=\"c1268f4\" data-element_type=\"widget\" data-widget_type=\"heading.default\">\n\t\t\t\t<div class=\"elementor-widget-container\">\n\t\t\t\t\t<h2 class=\"elementor-heading-title elementor-size-default\">EMPRESAS<\/h2>\t\t\t\t<\/div>\n\t\t\t\t<\/div>\n\t\t\t\t\t<\/div>\n\t\t\t\t<\/div>\n\t\t<div class=\"elementor-element elementor-element-b1d75e0 e-flex e-con-boxed e-con e-parent\" data-id=\"b1d75e0\" data-element_type=\"container\">\n\t\t\t\t\t<div class=\"e-con-inner\">\n\t\t\t\t<div class=\"elementor-element elementor-element-4261a30 elementor-widget elementor-widget-text-editor\" data-id=\"4261a30\" data-element_type=\"widget\" data-widget_type=\"text-editor.default\">\n\t\t\t\t<div class=\"elementor-widget-container\">\n\t\t\t\t\t\t\t\t\t<p>Public institutions and companies engaged in European projects like <strong>CIFAL M\u00e1laga, Diputaci\u00f3n de M\u00e1laga, Fundaci\u00f3n Euro\u00e1rabe<br>de Altos Estudios, EMT M\u00e1laga, BIC Euronova, Fundaci\u00f3n Carolina, Fundaci\u00f3n Incipe e Instituto Internacional<br>para Justicia y el Estado de Derecho<\/strong>, collaborate with MEEEG by recruiting students for their placements, and we continue to expand our network with new partners.<\/p>\t\t\t\t\t\t\t\t<\/div>\n\t\t\t\t<\/div>\n\t\t\t\t\t<\/div>\n\t\t\t\t<\/div>\n\t\t<div class=\"elementor-element elementor-element-12e15ab e-flex e-con-boxed e-con e-parent\" data-id=\"12e15ab\" data-element_type=\"container\">\n\t\t\t\t\t<div class=\"e-con-inner\">\n\t\t\t\t<div class=\"elementor-element elementor-element-77268ad elementor-widget-divider--view-line elementor-widget elementor-widget-divider\" data-id=\"77268ad\" data-element_type=\"widget\" data-widget_type=\"divider.default\">\n\t\t\t\t<div class=\"elementor-widget-container\">\n\t\t\t\t\t\t\t<div class=\"elementor-divider\">\n\t\t\t<span class=\"elementor-divider-separator\">\n\t\t\t\t\t\t<\/span>\n\t\t<\/div>\n\t\t\t\t\t\t<\/div>\n\t\t\t\t<\/div>\n\t\t\t\t\t<\/div>\n\t\t\t\t<\/div>\n\t\t<div class=\"elementor-element elementor-element-08e2454 e-grid e-con-boxed e-con e-parent\" data-id=\"08e2454\" data-element_type=\"container\">\n\t\t\t\t\t<div class=\"e-con-inner\">\n\t\t\t\t<div class=\"elementor-element elementor-element-7836636 elementor-widget elementor-widget-image\" data-id=\"7836636\" data-element_type=\"widget\" data-widget_type=\"image.default\">\n\t\t\t\t<div class=\"elementor-widget-container\">\n\t\t\t\t\t\t\t\t\t\t\t\t\t\t\t\t<a href=\"https:\/\/cifalmalaga.org\" target=\"_blank\">\n\t\t\t\t\t\t\t<img fetchpriority=\"high\" decoding=\"async\" width=\"1024\" height=\"362\" src=\"https:\/\/meeeg.uma.es\/wp-content\/uploads\/2025\/05\/logo_cifal-1024x362.png\" class=\"attachment-large size-large wp-image-3332\" alt=\"\" srcset=\"https:\/\/meeeg.uma.es\/wp-content\/uploads\/2025\/05\/logo_cifal-1024x362.png 1024w, https:\/\/meeeg.uma.es\/wp-content\/uploads\/2025\/05\/logo_cifal-300x106.png 300w, https:\/\/meeeg.uma.es\/wp-content\/uploads\/2025\/05\/logo_cifal-768x271.png 768w, https:\/\/meeeg.uma.es\/wp-content\/uploads\/2025\/05\/logo_cifal.png 1354w\" sizes=\"(max-width: 1024px) 100vw, 1024px\" \/>\t\t\t\t\t\t\t\t<\/a>\n\t\t\t\t\t\t\t\t\t\t\t\t\t\t\t<\/div>\n\t\t\t\t<\/div>\n\t\t\t\t<div class=\"elementor-element elementor-element-08a9afb elementor-widget elementor-widget-image\" data-id=\"08a9afb\" data-element_type=\"widget\" data-widget_type=\"image.default\">\n\t\t\t\t<div class=\"elementor-widget-container\">\n\t\t\t\t\t\t\t\t\t\t\t\t\t\t\t\t<a href=\"https:\/\/fundea.org\" target=\"_blank\">\n\t\t\t\t\t\t\t<img decoding=\"async\" width=\"965\" height=\"329\" src=\"https:\/\/meeeg.uma.es\/wp-content\/uploads\/2025\/05\/LOGOTIPO_30_ANIVERSARIO_WEB.png\" class=\"attachment-large size-large wp-image-3339\" alt=\"\" srcset=\"https:\/\/meeeg.uma.es\/wp-content\/uploads\/2025\/05\/LOGOTIPO_30_ANIVERSARIO_WEB.png 965w, https:\/\/meeeg.uma.es\/wp-content\/uploads\/2025\/05\/LOGOTIPO_30_ANIVERSARIO_WEB-300x102.png 300w, https:\/\/meeeg.uma.es\/wp-content\/uploads\/2025\/05\/LOGOTIPO_30_ANIVERSARIO_WEB-768x262.png 768w\" sizes=\"(max-width: 965px) 100vw, 965px\" \/>\t\t\t\t\t\t\t\t<\/a>\n\t\t\t\t\t\t\t\t\t\t\t\t\t\t\t<\/div>\n\t\t\t\t<\/div>\n\t\t\t\t<div class=\"elementor-element elementor-element-21a944a elementor-widget elementor-widget-image\" data-id=\"21a944a\" data-element_type=\"widget\" data-widget_type=\"image.default\">\n\t\t\t\t<div class=\"elementor-widget-container\">\n\t\t\t\t\t\t\t\t\t\t\t\t\t\t\t\t<a href=\"https:\/\/www.emtmalaga.es\" target=\"_blank\">\n\t\t\t\t\t\t\t<img decoding=\"async\" width=\"117\" height=\"50\" src=\"https:\/\/meeeg.uma.es\/wp-content\/uploads\/2025\/05\/descarga.png\" class=\"attachment-2048x2048 size-2048x2048 wp-image-3346\" alt=\"\" \/>\t\t\t\t\t\t\t\t<\/a>\n\t\t\t\t\t\t\t\t\t\t\t\t\t\t\t<\/div>\n\t\t\t\t<\/div>\n\t\t\t\t<div class=\"elementor-element elementor-element-adc34b0 elementor-widget elementor-widget-image\" data-id=\"adc34b0\" data-element_type=\"widget\" data-widget_type=\"image.default\">\n\t\t\t\t<div class=\"elementor-widget-container\">\n\t\t\t\t\t\t\t\t\t\t\t\t\t\t\t\t<a href=\"https:\/\/www.bic.es\" target=\"_blank\">\n\t\t\t\t\t\t\t<img loading=\"lazy\" decoding=\"async\" width=\"300\" height=\"82\" src=\"https:\/\/meeeg.uma.es\/wp-content\/uploads\/2025\/05\/BIC_logo.png\" class=\"attachment-large size-large wp-image-3350\" alt=\"\" \/>\t\t\t\t\t\t\t\t<\/a>\n\t\t\t\t\t\t\t\t\t\t\t\t\t\t\t<\/div>\n\t\t\t\t<\/div>\n\t\t\t\t<div class=\"elementor-element elementor-element-02f8091 elementor-widget elementor-widget-image\" data-id=\"02f8091\" data-element_type=\"widget\" data-widget_type=\"image.default\">\n\t\t\t\t<div class=\"elementor-widget-container\">\n\t\t\t\t\t\t\t\t\t\t\t\t\t\t\t\t<a href=\"https:\/\/www.fundacioncarolina.es\" target=\"_blank\">\n\t\t\t\t\t\t\t<img loading=\"lazy\" decoding=\"async\" width=\"350\" height=\"80\" src=\"https:\/\/meeeg.uma.es\/wp-content\/uploads\/2025\/05\/logo_25_350-copia.png\" class=\"attachment-large size-large wp-image-3358\" alt=\"\" srcset=\"https:\/\/meeeg.uma.es\/wp-content\/uploads\/2025\/05\/logo_25_350-copia.png 350w, https:\/\/meeeg.uma.es\/wp-content\/uploads\/2025\/05\/logo_25_350-copia-300x69.png 300w\" sizes=\"(max-width: 350px) 100vw, 350px\" \/>\t\t\t\t\t\t\t\t<\/a>\n\t\t\t\t\t\t\t\t\t\t\t\t\t\t\t<\/div>\n\t\t\t\t<\/div>\n\t\t\t\t<div class=\"elementor-element elementor-element-d09e42f elementor-widget elementor-widget-image\" data-id=\"d09e42f\" data-element_type=\"widget\" data-widget_type=\"image.default\">\n\t\t\t\t<div class=\"elementor-widget-container\">\n\t\t\t\t\t\t\t\t\t\t\t\t\t\t\t\t<a href=\"https:\/\/www.malaga.es\" target=\"_blank\">\n\t\t\t\t\t\t\t<img loading=\"lazy\" decoding=\"async\" width=\"1024\" height=\"202\" src=\"https:\/\/meeeg.uma.es\/wp-content\/uploads\/2025\/05\/Sin-titulo-4-2-1024x202.png\" class=\"attachment-large size-large wp-image-3322\" alt=\"\" srcset=\"https:\/\/meeeg.uma.es\/wp-content\/uploads\/2025\/05\/Sin-titulo-4-2-1024x202.png 1024w, https:\/\/meeeg.uma.es\/wp-content\/uploads\/2025\/05\/Sin-titulo-4-2-300x59.png 300w, https:\/\/meeeg.uma.es\/wp-content\/uploads\/2025\/05\/Sin-titulo-4-2-768x151.png 768w, https:\/\/meeeg.uma.es\/wp-content\/uploads\/2025\/05\/Sin-titulo-4-2-1536x303.png 1536w, https:\/\/meeeg.uma.es\/wp-content\/uploads\/2025\/05\/Sin-titulo-4-2.png 1843w\" sizes=\"(max-width: 1024px) 100vw, 1024px\" \/>\t\t\t\t\t\t\t\t<\/a>\n\t\t\t\t\t\t\t\t\t\t\t\t\t\t\t<\/div>\n\t\t\t\t<\/div>\n\t\t\t\t<div class=\"elementor-element elementor-element-d16cb64 elementor-widget elementor-widget-image\" data-id=\"d16cb64\" data-element_type=\"widget\" data-widget_type=\"image.default\">\n\t\t\t\t<div class=\"elementor-widget-container\">\n\t\t\t\t\t\t\t\t\t\t\t\t\t\t\t\t<a href=\"https:\/\/fundacionincipe.com\" target=\"_blank\">\n\t\t\t\t\t\t\t<img loading=\"lazy\" decoding=\"async\" width=\"450\" height=\"450\" src=\"https:\/\/meeeg.uma.es\/wp-content\/uploads\/2025\/05\/image005-e1683640899155-qoxj3oiezixzve15nth3jy48r77x50c6vt4yyncutw.png\" class=\"attachment-large size-large wp-image-3362\" alt=\"\" srcset=\"https:\/\/meeeg.uma.es\/wp-content\/uploads\/2025\/05\/image005-e1683640899155-qoxj3oiezixzve15nth3jy48r77x50c6vt4yyncutw.png 450w, https:\/\/meeeg.uma.es\/wp-content\/uploads\/2025\/05\/image005-e1683640899155-qoxj3oiezixzve15nth3jy48r77x50c6vt4yyncutw-300x300.png 300w, https:\/\/meeeg.uma.es\/wp-content\/uploads\/2025\/05\/image005-e1683640899155-qoxj3oiezixzve15nth3jy48r77x50c6vt4yyncutw-150x150.png 150w\" sizes=\"(max-width: 450px) 100vw, 450px\" \/>\t\t\t\t\t\t\t\t<\/a>\n\t\t\t\t\t\t\t\t\t\t\t\t\t\t\t<\/div>\n\t\t\t\t<\/div>\n\t\t\t\t<div class=\"elementor-element elementor-element-56bf151 elementor-widget elementor-widget-image\" data-id=\"56bf151\" data-element_type=\"widget\" data-widget_type=\"image.default\">\n\t\t\t\t<div class=\"elementor-widget-container\">\n\t\t\t\t\t\t\t\t\t\t\t\t\t\t\t\t<a href=\"https:\/\/theiij.org\" target=\"_blank\">\n\t\t\t\t\t\t\t<img loading=\"lazy\" decoding=\"async\" width=\"233\" height=\"233\" src=\"https:\/\/meeeg.uma.es\/wp-content\/uploads\/2025\/05\/IIJ-Logo.png\" class=\"attachment-large size-large wp-image-3366\" alt=\"\" srcset=\"https:\/\/meeeg.uma.es\/wp-content\/uploads\/2025\/05\/IIJ-Logo.png 233w, https:\/\/meeeg.uma.es\/wp-content\/uploads\/2025\/05\/IIJ-Logo-150x150.png 150w\" sizes=\"(max-width: 233px) 100vw, 233px\" \/>\t\t\t\t\t\t\t\t<\/a>\n\t\t\t\t\t\t\t\t\t\t\t\t\t\t\t<\/div>\n\t\t\t\t<\/div>\n\t\t\t\t\t<\/div>\n\t\t\t\t<\/div>\n\t\t<div class=\"elementor-element elementor-element-d69c620 e-flex e-con-boxed e-con e-parent\" data-id=\"d69c620\" data-element_type=\"container\">\n\t\t\t\t\t<div class=\"e-con-inner\">\n\t\t\t\t<div class=\"elementor-element elementor-element-ad746e3 elementor-widget-divider--view-line elementor-widget elementor-widget-divider\" data-id=\"ad746e3\" data-element_type=\"widget\" data-widget_type=\"divider.default\">\n\t\t\t\t<div class=\"elementor-widget-container\">\n\t\t\t\t\t\t\t<div class=\"elementor-divider\">\n\t\t\t<span class=\"elementor-divider-separator\">\n\t\t\t\t\t\t<\/span>\n\t\t<\/div>\n\t\t\t\t\t\t<\/div>\n\t\t\t\t<\/div>\n\t\t\t\t\t<\/div>\n\t\t\t\t<\/div>\n\t\t<div class=\"elementor-element elementor-element-e9f7ac8 e-grid e-con-boxed e-con e-parent\" data-id=\"e9f7ac8\" data-element_type=\"container\">\n\t\t\t\t\t<div class=\"e-con-inner\">\n\t\t\t\t<div class=\"elementor-element elementor-element-8bf45b2 elementor-widget elementor-widget-heading\" data-id=\"8bf45b2\" data-element_type=\"widget\" data-widget_type=\"heading.default\">\n\t\t\t\t<div class=\"elementor-widget-container\">\n\t\t\t\t\t<h2 class=\"elementor-heading-title elementor-size-default\">Are you a company interested in collaborating with MEEEG?<\/h2>\t\t\t\t<\/div>\n\t\t\t\t<\/div>\n\t\t\t\t\t<\/div>\n\t\t\t\t<\/div>\n\t\t<div class=\"elementor-element elementor-element-e6031de e-grid e-con-boxed e-con e-parent\" data-id=\"e6031de\" data-element_type=\"container\">\n\t\t\t\t\t<div class=\"e-con-inner\">\n\t\t<div class=\"elementor-element elementor-element-7b5457e e-grid e-con-boxed e-con e-child\" data-id=\"7b5457e\" data-element_type=\"container\" data-settings=\"{&quot;background_background&quot;:&quot;classic&quot;}\">\n\t\t\t\t\t<div class=\"e-con-inner\">\n\t\t\t\t<div class=\"elementor-element elementor-element-6f97b49 elementor-widget elementor-widget-shortcode\" data-id=\"6f97b49\" data-element_type=\"widget\" data-widget_type=\"shortcode.default\">\n\t\t\t\t<div class=\"elementor-widget-container\">\n\t\t\t\t\t\t\t<div class=\"elementor-shortcode\"><p class=\"wpcf7-contact-form-not-found\"><strong>Error:<\/strong> Contact form not found.<\/p><\/div>\n\t\t\t\t\t\t<\/div>\n\t\t\t\t<\/div>\n\t\t\t\t\t<\/div>\n\t\t\t\t<\/div>\n\t\t\t\t\t<\/div>\n\t\t\t\t<\/div>\n\t\t\t\t<\/div>","protected":false},"excerpt":{"rendered":"<p>EMPRESAS Instituciones p\u00fablicas y empresas con proyectos europeos como CIFAL M\u00e1laga, Diputaci\u00f3n de M\u00e1laga, Fundaci\u00f3n Euro\u00e1rabede Altos Estudios, EMT M\u00e1laga, BIC Euronova, Fundaci\u00f3n Carolina, Fundaci\u00f3n Incipe e Instituto Internacionalpara Justicia y el Estado de Derecho, colaboran con MEEEG en la contrataci\u00f3n de alumnos para la realizaci\u00f3n de las pr\u00e1cticas correspondientes a su formaci\u00f3n y seguimos [&hellip;]<\/p>","protected":false},"author":1,"featured_media":0,"parent":0,"menu_order":0,"comment_status":"closed","ping_status":"closed","template":"","meta":{"site-sidebar-layout":"no-sidebar","site-content-layout":"page-builder","ast-site-content-layout":"full-width-container","site-content-style":"default","site-sidebar-style":"default","ast-global-header-display":"","ast-banner-title-visibility":"","ast-main-header-display":"","ast-hfb-above-header-display":"","ast-hfb-below-header-display":"","ast-hfb-mobile-header-display":"","site-post-title":"disabled","ast-breadcrumbs-content":"","ast-featured-img":"disabled","footer-sml-layout":"","theme-transparent-header-meta":"","adv-header-id-meta":"","stick-header-meta":"","header-above-stick-meta":"","header-main-stick-meta":"","header-below-stick-meta":"","astra-migrate-meta-layouts":"default","ast-page-background-enabled":"default","ast-page-background-meta":{"desktop":{"background-color":"var(--ast-global-color-4)","background-image":"","background-repeat":"repeat","background-position":"center center","background-size":"auto","background-attachment":"scroll","background-type":"","background-media":"","overlay-type":"","overlay-color":"","overlay-opacity":"","overlay-gradient":""},"tablet":{"background-color":"","background-image":"","background-repeat":"repeat","background-position":"center center","background-size":"auto","background-attachment":"scroll","background-type":"","background-media":"","overlay-type":"","overlay-color":"","overlay-opacity":"","overlay-gradient":""},"mobile":{"background-color":"","background-image":"","background-repeat":"repeat","background-position":"center center","background-size":"auto","background-attachment":"scroll","background-type":"","background-media":"","overlay-type":"","overlay-color":"","overlay-opacity":"","overlay-gradient":""}},"ast-content-background-meta":{"desktop":{"background-color":"var(--ast-global-color-5)","background-image":"","background-repeat":"repeat","background-position":"center center","background-size":"auto","background-attachment":"scroll","background-type":"","background-media":"","overlay-type":"","overlay-color":"","overlay-opacity":"","overlay-gradient":""},"tablet":{"background-color":"var(--ast-global-color-5)","background-image":"","background-repeat":"repeat","background-position":"center center","background-size":"auto","background-attachment":"scroll","background-type":"","background-media":"","overlay-type":"","overlay-color":"","overlay-opacity":"","overlay-gradient":""},"mobile":{"background-color":"var(--ast-global-color-5)","background-image":"","background-repeat":"repeat","background-position":"center center","background-size":"auto","background-attachment":"scroll","background-type":"","background-media":"","overlay-type":"","overlay-color":"","overlay-opacity":"","overlay-gradient":""}},"footnotes":""},"class_list":["post-1695","page","type-page","status-publish","hentry"],"_links":{"self":[{"href":"https:\/\/meeeg.uma.es\/en\/wp-json\/wp\/v2\/pages\/1695","targetHints":{"allow":["GET"]}}],"collection":[{"href":"https:\/\/meeeg.uma.es\/en\/wp-json\/wp\/v2\/pages"}],"about":[{"href":"https:\/\/meeeg.uma.es\/en\/wp-json\/wp\/v2\/types\/page"}],"author":[{"embeddable":true,"href":"https:\/\/meeeg.uma.es\/en\/wp-json\/wp\/v2\/users\/1"}],"replies":[{"embeddable":true,"href":"https:\/\/meeeg.uma.es\/en\/wp-json\/wp\/v2\/comments?post=1695"}],"version-history":[{"count":0,"href":"https:\/\/meeeg.uma.es\/en\/wp-json\/wp\/v2\/pages\/1695\/revisions"}],"wp:attachment":[{"href":"https:\/\/meeeg.uma.es\/en\/wp-json\/wp\/v2\/media?parent=1695"}],"curies":[{"name":"wp","href":"https:\/\/api.w.org\/{rel}","templated":true}]}}