{"id":3185,"date":"2025-05-24T11:15:45","date_gmt":"2025-05-24T09:15:45","guid":{"rendered":"https:\/\/meeeg.uma.es\/?page_id=3185"},"modified":"2025-06-30T08:38:44","modified_gmt":"2025-06-30T06:38:44","slug":"promocion-2024-2025","status":"publish","type":"page","link":"https:\/\/meeeg.uma.es\/en\/estudiantes\/promocion-2024-2025\/","title":{"rendered":"Class of 2024-2025"},"content":{"rendered":"<div data-elementor-type=\"wp-page\" data-elementor-id=\"3185\" class=\"elementor elementor-3185\">\n\t\t\t\t<div class=\"elementor-element elementor-element-a909c4a e-flex e-con-boxed e-con e-parent\" data-id=\"a909c4a\" data-element_type=\"container\" data-settings=\"{&quot;background_background&quot;:&quot;classic&quot;}\">\n\t\t\t\t\t<div class=\"e-con-inner\">\n\t\t\t\t<div class=\"elementor-element elementor-element-530665c elementor-widget elementor-widget-heading\" data-id=\"530665c\" data-element_type=\"widget\" data-widget_type=\"heading.default\">\n\t\t\t\t<div class=\"elementor-widget-container\">\n\t\t\t\t\t<h2 class=\"elementor-heading-title elementor-size-default\">Class of 2024-2025<\/h2>\t\t\t\t<\/div>\n\t\t\t\t<\/div>\n\t\t\t\t\t<\/div>\n\t\t\t\t<\/div>\n\t\t<div class=\"elementor-element elementor-element-c47ce10 e-grid e-con-full e-con e-parent\" data-id=\"c47ce10\" data-element_type=\"container\">\n\t\t<div class=\"elementor-element elementor-element-cfcb317 e-grid e-con-full e-con e-child\" data-id=\"cfcb317\" data-element_type=\"container\">\n\t\t\t\t<div class=\"elementor-element elementor-element-9483371 elementor-widget elementor-widget-image\" data-id=\"9483371\" data-element_type=\"widget\" data-widget_type=\"image.default\">\n\t\t\t\t<div class=\"elementor-widget-container\">\n\t\t\t\t\t\t\t\t\t\t\t\t\t\t\t<img fetchpriority=\"high\" decoding=\"async\" width=\"768\" height=\"1024\" src=\"https:\/\/meeeg.uma.es\/wp-content\/uploads\/2025\/06\/thumbnail_Fernandez-Fernandez-Luis-e1749629848326-768x1024.png\" class=\"attachment-large size-large wp-image-3742\" alt=\"\" srcset=\"https:\/\/meeeg.uma.es\/wp-content\/uploads\/2025\/06\/thumbnail_Fernandez-Fernandez-Luis-e1749629848326-768x1024.png 768w, https:\/\/meeeg.uma.es\/wp-content\/uploads\/2025\/06\/thumbnail_Fernandez-Fernandez-Luis-e1749629848326-225x300.png 225w, https:\/\/meeeg.uma.es\/wp-content\/uploads\/2025\/06\/thumbnail_Fernandez-Fernandez-Luis-e1749629848326-1152x1536.png 1152w, https:\/\/meeeg.uma.es\/wp-content\/uploads\/2025\/06\/thumbnail_Fernandez-Fernandez-Luis-e1749629848326-9x12.png 9w, https:\/\/meeeg.uma.es\/wp-content\/uploads\/2025\/06\/thumbnail_Fernandez-Fernandez-Luis-e1749629848326.png 1500w\" sizes=\"(max-width: 768px) 100vw, 768px\" \/>\t\t\t\t\t\t\t\t\t\t\t\t\t\t\t<\/div>\n\t\t\t\t<\/div>\n\t\t\t\t<div class=\"elementor-element elementor-element-b8b8c0b elementor-widget elementor-widget-text-editor\" data-id=\"b8b8c0b\" data-element_type=\"widget\" data-widget_type=\"text-editor.default\">\n\t\t\t\t<div class=\"elementor-widget-container\">\n\t\t\t\t\t\t\t\t\t<p><strong>Fern\u00e1ndez Fern\u00e1ndez, Luis<\/strong><\/p><p>Graduate in Geography and Spatial Planning, University of Santiago de Compostela<\/p><p><span style=\"color: #808080;\"><em>Master\u2019s Thesis<\/em><\/span><\/p><p>The Geopolitical Implications of the New Silk Road<\/p>\t\t\t\t\t\t\t\t<\/div>\n\t\t\t\t<\/div>\n\t\t\t\t<\/div>\n\t\t<div class=\"elementor-element elementor-element-2ad2f1c e-grid e-con-full e-con e-child\" data-id=\"2ad2f1c\" data-element_type=\"container\">\n\t\t\t\t<div class=\"elementor-element elementor-element-18310d4 elementor-widget elementor-widget-image\" data-id=\"18310d4\" data-element_type=\"widget\" data-widget_type=\"image.default\">\n\t\t\t\t<div class=\"elementor-widget-container\">\n\t\t\t\t\t\t\t\t\t\t\t\t\t\t\t<img decoding=\"async\" width=\"768\" height=\"1024\" src=\"https:\/\/meeeg.uma.es\/wp-content\/uploads\/2025\/06\/thumbnail_Franco-Garcia-Isabel-Ecija-Sevilla3-2-768x1024.png\" class=\"attachment-large size-large wp-image-3750\" alt=\"\" srcset=\"https:\/\/meeeg.uma.es\/wp-content\/uploads\/2025\/06\/thumbnail_Franco-Garcia-Isabel-Ecija-Sevilla3-2-768x1024.png 768w, https:\/\/meeeg.uma.es\/wp-content\/uploads\/2025\/06\/thumbnail_Franco-Garcia-Isabel-Ecija-Sevilla3-2-225x300.png 225w, https:\/\/meeeg.uma.es\/wp-content\/uploads\/2025\/06\/thumbnail_Franco-Garcia-Isabel-Ecija-Sevilla3-2-1152x1536.png 1152w, https:\/\/meeeg.uma.es\/wp-content\/uploads\/2025\/06\/thumbnail_Franco-Garcia-Isabel-Ecija-Sevilla3-2-9x12.png 9w, https:\/\/meeeg.uma.es\/wp-content\/uploads\/2025\/06\/thumbnail_Franco-Garcia-Isabel-Ecija-Sevilla3-2.png 1500w\" sizes=\"(max-width: 768px) 100vw, 768px\" \/>\t\t\t\t\t\t\t\t\t\t\t\t\t\t\t<\/div>\n\t\t\t\t<\/div>\n\t\t\t\t<div class=\"elementor-element elementor-element-1f703ee elementor-widget elementor-widget-text-editor\" data-id=\"1f703ee\" data-element_type=\"widget\" data-widget_type=\"text-editor.default\">\n\t\t\t\t<div class=\"elementor-widget-container\">\n\t\t\t\t\t\t\t\t\t<p><strong>Franco Garc\u00eda, Isabel Mar\u00eda<\/strong><\/p><p>Graduate in East Asian Studies (Korea specialisation), University of M\u00e1laga<\/p><p><span style=\"color: #808080;\"><em>Master\u2019s Thesis<\/em><\/span><\/p><p>Effects of the EU\u2019s technological restrictions on bilateral trade with China: challenges in semiconductors, telecommunications and 5G<\/p>\t\t\t\t\t\t\t\t<\/div>\n\t\t\t\t<\/div>\n\t\t\t\t<\/div>\n\t\t\t\t<\/div>\n\t\t<div class=\"elementor-element elementor-element-aa8eb86 e-grid e-con-full e-con e-parent\" data-id=\"aa8eb86\" data-element_type=\"container\">\n\t\t<div class=\"elementor-element elementor-element-0aeaefc e-grid e-con-full e-con e-child\" data-id=\"0aeaefc\" data-element_type=\"container\">\n\t\t\t\t<div class=\"elementor-element elementor-element-b6f505c elementor-widget elementor-widget-image\" data-id=\"b6f505c\" data-element_type=\"widget\" data-widget_type=\"image.default\">\n\t\t\t\t<div class=\"elementor-widget-container\">\n\t\t\t\t\t\t\t\t\t\t\t\t\t\t\t<img decoding=\"async\" width=\"768\" height=\"1024\" src=\"https:\/\/meeeg.uma.es\/wp-content\/uploads\/2025\/06\/thumbnail_Gorska-Jagoda-Aleksandra-Zabrze-Polonia-768x1024.jpg\" class=\"attachment-large size-large wp-image-3733\" alt=\"\" srcset=\"https:\/\/meeeg.uma.es\/wp-content\/uploads\/2025\/06\/thumbnail_Gorska-Jagoda-Aleksandra-Zabrze-Polonia-768x1024.jpg 768w, https:\/\/meeeg.uma.es\/wp-content\/uploads\/2025\/06\/thumbnail_Gorska-Jagoda-Aleksandra-Zabrze-Polonia-225x300.jpg 225w, https:\/\/meeeg.uma.es\/wp-content\/uploads\/2025\/06\/thumbnail_Gorska-Jagoda-Aleksandra-Zabrze-Polonia-1152x1536.jpg 1152w, https:\/\/meeeg.uma.es\/wp-content\/uploads\/2025\/06\/thumbnail_Gorska-Jagoda-Aleksandra-Zabrze-Polonia-9x12.jpg 9w, https:\/\/meeeg.uma.es\/wp-content\/uploads\/2025\/06\/thumbnail_Gorska-Jagoda-Aleksandra-Zabrze-Polonia.jpg 1500w\" sizes=\"(max-width: 768px) 100vw, 768px\" \/>\t\t\t\t\t\t\t\t\t\t\t\t\t\t\t<\/div>\n\t\t\t\t<\/div>\n\t\t\t\t<div class=\"elementor-element elementor-element-0201ac7 elementor-widget elementor-widget-text-editor\" data-id=\"0201ac7\" data-element_type=\"widget\" data-widget_type=\"text-editor.default\">\n\t\t\t\t<div class=\"elementor-widget-container\">\n\t\t\t\t\t\t\t\t\t<p><strong>Gorska, Jagoda Aleksandra<\/strong><\/p><p>Graduate in Tourism, University of Almer\u00eda<\/p><p><span style=\"color: #808080;\"><em>Master\u2019s Thesis<\/em><\/span><\/p>\t\t\t\t\t\t\t\t<\/div>\n\t\t\t\t<\/div>\n\t\t\t\t<\/div>\n\t\t<div class=\"elementor-element elementor-element-ec76b3f e-grid e-con-full e-con e-child\" data-id=\"ec76b3f\" data-element_type=\"container\">\n\t\t\t\t<div class=\"elementor-element elementor-element-13edf58 elementor-widget elementor-widget-image\" data-id=\"13edf58\" data-element_type=\"widget\" data-widget_type=\"image.default\">\n\t\t\t\t<div class=\"elementor-widget-container\">\n\t\t\t\t\t\t\t\t\t\t\t\t\t\t\t<img loading=\"lazy\" decoding=\"async\" width=\"768\" height=\"1024\" src=\"https:\/\/meeeg.uma.es\/wp-content\/uploads\/2025\/06\/thumbnail_Paniagua-Moreno-Ismael-Malaga-768x1024.jpg\" class=\"attachment-large size-large wp-image-3732\" alt=\"\" srcset=\"https:\/\/meeeg.uma.es\/wp-content\/uploads\/2025\/06\/thumbnail_Paniagua-Moreno-Ismael-Malaga-768x1024.jpg 768w, https:\/\/meeeg.uma.es\/wp-content\/uploads\/2025\/06\/thumbnail_Paniagua-Moreno-Ismael-Malaga-225x300.jpg 225w, https:\/\/meeeg.uma.es\/wp-content\/uploads\/2025\/06\/thumbnail_Paniagua-Moreno-Ismael-Malaga-1152x1536.jpg 1152w, https:\/\/meeeg.uma.es\/wp-content\/uploads\/2025\/06\/thumbnail_Paniagua-Moreno-Ismael-Malaga-9x12.jpg 9w, https:\/\/meeeg.uma.es\/wp-content\/uploads\/2025\/06\/thumbnail_Paniagua-Moreno-Ismael-Malaga.jpg 1500w\" sizes=\"(max-width: 768px) 100vw, 768px\" \/>\t\t\t\t\t\t\t\t\t\t\t\t\t\t\t<\/div>\n\t\t\t\t<\/div>\n\t\t\t\t<div class=\"elementor-element elementor-element-244649b elementor-widget elementor-widget-text-editor\" data-id=\"244649b\" data-element_type=\"widget\" data-widget_type=\"text-editor.default\">\n\t\t\t\t<div class=\"elementor-widget-container\">\n\t\t\t\t\t\t\t\t\t<p><strong>Paniagua Moreno, Ismael<\/strong><\/p><p>Graduate in Economics, University of M\u00e1laga<\/p><p><span style=\"color: #808080;\"><em>Master\u2019s Thesis<\/em><\/span><\/p><p>Euro: Past, Present and Future<\/p>\t\t\t\t\t\t\t\t<\/div>\n\t\t\t\t<\/div>\n\t\t\t\t<\/div>\n\t\t\t\t<\/div>\n\t\t<div class=\"elementor-element elementor-element-2f34f69 e-grid e-con-full e-con e-parent\" data-id=\"2f34f69\" data-element_type=\"container\">\n\t\t<div class=\"elementor-element elementor-element-d70f2bb e-grid e-con-full e-con e-child\" data-id=\"d70f2bb\" data-element_type=\"container\">\n\t\t\t\t<div class=\"elementor-element elementor-element-3b31218 elementor-widget elementor-widget-image\" data-id=\"3b31218\" data-element_type=\"widget\" data-widget_type=\"image.default\">\n\t\t\t\t<div class=\"elementor-widget-container\">\n\t\t\t\t\t\t\t\t\t\t\t\t\t\t\t<img loading=\"lazy\" decoding=\"async\" width=\"225\" height=\"300\" src=\"https:\/\/meeeg.uma.es\/wp-content\/uploads\/2025\/06\/thumbnail_Puente-Bernabe-Alejandro-Malaga-225x300.jpg\" class=\"attachment-medium size-medium wp-image-3731\" alt=\"\" srcset=\"https:\/\/meeeg.uma.es\/wp-content\/uploads\/2025\/06\/thumbnail_Puente-Bernabe-Alejandro-Malaga-225x300.jpg 225w, https:\/\/meeeg.uma.es\/wp-content\/uploads\/2025\/06\/thumbnail_Puente-Bernabe-Alejandro-Malaga-768x1024.jpg 768w, https:\/\/meeeg.uma.es\/wp-content\/uploads\/2025\/06\/thumbnail_Puente-Bernabe-Alejandro-Malaga-1152x1536.jpg 1152w, https:\/\/meeeg.uma.es\/wp-content\/uploads\/2025\/06\/thumbnail_Puente-Bernabe-Alejandro-Malaga-9x12.jpg 9w, https:\/\/meeeg.uma.es\/wp-content\/uploads\/2025\/06\/thumbnail_Puente-Bernabe-Alejandro-Malaga.jpg 1500w\" sizes=\"(max-width: 225px) 100vw, 225px\" \/>\t\t\t\t\t\t\t\t\t\t\t\t\t\t\t<\/div>\n\t\t\t\t<\/div>\n\t\t\t\t<div class=\"elementor-element elementor-element-adb71cf elementor-widget elementor-widget-text-editor\" data-id=\"adb71cf\" data-element_type=\"widget\" data-widget_type=\"text-editor.default\">\n\t\t\t\t<div class=\"elementor-widget-container\">\n\t\t\t\t\t\t\t\t\t<p><strong>Puente Bernab\u00e9, Alejandro<\/strong><\/p><p>Graduado en Estudios de Asia Oriental (menci\u00f3n Corea), Universidad de M\u00e1laga<\/p><p><span style=\"color: #808080;\"><em>Master\u2019s Thesis<\/em><\/span><\/p><p>The Rise of South Korea as a Strategic Partner of the European Union: A Perspective from EU Foreign Policy<\/p>\t\t\t\t\t\t\t\t<\/div>\n\t\t\t\t<\/div>\n\t\t\t\t<\/div>\n\t\t<div class=\"elementor-element elementor-element-8f3190b e-grid e-con-full e-con e-child\" data-id=\"8f3190b\" data-element_type=\"container\">\n\t\t\t\t<div class=\"elementor-element elementor-element-db2d823 elementor-widget elementor-widget-image\" data-id=\"db2d823\" data-element_type=\"widget\" data-widget_type=\"image.default\">\n\t\t\t\t<div class=\"elementor-widget-container\">\n\t\t\t\t\t\t\t\t\t\t\t\t\t\t\t<img loading=\"lazy\" decoding=\"async\" width=\"768\" height=\"1024\" src=\"https:\/\/meeeg.uma.es\/wp-content\/uploads\/2025\/06\/thumbnail_Santa-Maria-Noval-Marina-Almayate-Malaga-768x1024.jpg\" class=\"attachment-large size-large wp-image-3734\" alt=\"\" srcset=\"https:\/\/meeeg.uma.es\/wp-content\/uploads\/2025\/06\/thumbnail_Santa-Maria-Noval-Marina-Almayate-Malaga-768x1024.jpg 768w, https:\/\/meeeg.uma.es\/wp-content\/uploads\/2025\/06\/thumbnail_Santa-Maria-Noval-Marina-Almayate-Malaga-225x300.jpg 225w, https:\/\/meeeg.uma.es\/wp-content\/uploads\/2025\/06\/thumbnail_Santa-Maria-Noval-Marina-Almayate-Malaga-1152x1536.jpg 1152w, https:\/\/meeeg.uma.es\/wp-content\/uploads\/2025\/06\/thumbnail_Santa-Maria-Noval-Marina-Almayate-Malaga-9x12.jpg 9w, https:\/\/meeeg.uma.es\/wp-content\/uploads\/2025\/06\/thumbnail_Santa-Maria-Noval-Marina-Almayate-Malaga.jpg 1500w\" sizes=\"(max-width: 768px) 100vw, 768px\" \/>\t\t\t\t\t\t\t\t\t\t\t\t\t\t\t<\/div>\n\t\t\t\t<\/div>\n\t\t\t\t<div class=\"elementor-element elementor-element-9f723bc elementor-widget elementor-widget-text-editor\" data-id=\"9f723bc\" data-element_type=\"widget\" data-widget_type=\"text-editor.default\">\n\t\t\t\t<div class=\"elementor-widget-container\">\n\t\t\t\t\t\t\t\t\t<p><strong>Santa Mar\u00eda Noval, Marina<\/strong><\/p><p>Graduate in East Asian Studies (Korea specialisation), University of M\u00e1laga<\/p><p><span style=\"color: #808080;\"><em>Master\u2019s Thesis<\/em><\/span><\/p>\t\t\t\t\t\t\t\t<\/div>\n\t\t\t\t<\/div>\n\t\t\t\t<\/div>\n\t\t\t\t<\/div>\n\t\t\t\t<\/div>","protected":false},"excerpt":{"rendered":"<p>Promoci\u00f3n 2024-2025 Fern\u00e1ndez Fern\u00e1ndez, Luis Graduado en Geograf\u00eda y Ordenaci\u00f3n del Territorio, Universidad de Santiago de Compostela Trabajo Fin de M\u00e1ster Las implicaciones geopol\u00edticas de la Nueva Ruta de la Seda Franco Garc\u00eda, Isabel Mar\u00eda Graduada en Estudios de Asia Oriental (menci\u00f3n Corea), Universidad de M\u00e1laga Trabajo Fin de M\u00e1ster Efectos de las restricciones tecnol\u00f3gicas [&hellip;]<\/p>","protected":false},"author":1,"featured_media":0,"parent":1671,"menu_order":0,"comment_status":"closed","ping_status":"closed","template":"","meta":{"site-sidebar-layout":"no-sidebar","site-content-layout":"page-builder","ast-site-content-layout":"full-width-container","site-content-style":"default","site-sidebar-style":"default","ast-global-header-display":"","ast-banner-title-visibility":"","ast-main-header-display":"","ast-hfb-above-header-display":"","ast-hfb-below-header-display":"","ast-hfb-mobile-header-display":"","site-post-title":"disabled","ast-breadcrumbs-content":"","ast-featured-img":"disabled","footer-sml-layout":"","theme-transparent-header-meta":"","adv-header-id-meta":"","stick-header-meta":"","header-above-stick-meta":"","header-main-stick-meta":"","header-below-stick-meta":"","astra-migrate-meta-layouts":"default","ast-page-background-enabled":"default","ast-page-background-meta":{"desktop":{"background-color":"var(--ast-global-color-4)","background-image":"","background-repeat":"repeat","background-position":"center center","background-size":"auto","background-attachment":"scroll","background-type":"","background-media":"","overlay-type":"","overlay-color":"","overlay-opacity":"","overlay-gradient":""},"tablet":{"background-color":"","background-image":"","background-repeat":"repeat","background-position":"center center","background-size":"auto","background-attachment":"scroll","background-type":"","background-media":"","overlay-type":"","overlay-color":"","overlay-opacity":"","overlay-gradient":""},"mobile":{"background-color":"","background-image":"","background-repeat":"repeat","background-position":"center center","background-size":"auto","background-attachment":"scroll","background-type":"","background-media":"","overlay-type":"","overlay-color":"","overlay-opacity":"","overlay-gradient":""}},"ast-content-background-meta":{"desktop":{"background-color":"var(--ast-global-color-5)","background-image":"","background-repeat":"repeat","background-position":"center center","background-size":"auto","background-attachment":"scroll","background-type":"","background-media":"","overlay-type":"","overlay-color":"","overlay-opacity":"","overlay-gradient":""},"tablet":{"background-color":"var(--ast-global-color-5)","background-image":"","background-repeat":"repeat","background-position":"center center","background-size":"auto","background-attachment":"scroll","background-type":"","background-media":"","overlay-type":"","overlay-color":"","overlay-opacity":"","overlay-gradient":""},"mobile":{"background-color":"var(--ast-global-color-5)","background-image":"","background-repeat":"repeat","background-position":"center center","background-size":"auto","background-attachment":"scroll","background-type":"","background-media":"","overlay-type":"","overlay-color":"","overlay-opacity":"","overlay-gradient":""}},"footnotes":""},"class_list":["post-3185","page","type-page","status-publish","hentry"],"_links":{"self":[{"href":"https:\/\/meeeg.uma.es\/en\/wp-json\/wp\/v2\/pages\/3185","targetHints":{"allow":["GET"]}}],"collection":[{"href":"https:\/\/meeeg.uma.es\/en\/wp-json\/wp\/v2\/pages"}],"about":[{"href":"https:\/\/meeeg.uma.es\/en\/wp-json\/wp\/v2\/types\/page"}],"author":[{"embeddable":true,"href":"https:\/\/meeeg.uma.es\/en\/wp-json\/wp\/v2\/users\/1"}],"replies":[{"embeddable":true,"href":"https:\/\/meeeg.uma.es\/en\/wp-json\/wp\/v2\/comments?post=3185"}],"version-history":[{"count":0,"href":"https:\/\/meeeg.uma.es\/en\/wp-json\/wp\/v2\/pages\/3185\/revisions"}],"up":[{"embeddable":true,"href":"https:\/\/meeeg.uma.es\/en\/wp-json\/wp\/v2\/pages\/1671"}],"wp:attachment":[{"href":"https:\/\/meeeg.uma.es\/en\/wp-json\/wp\/v2\/media?parent=3185"}],"curies":[{"name":"wp","href":"https:\/\/api.w.org\/{rel}","templated":true}]}}