{"id":3406,"date":"2025-05-24T14:04:38","date_gmt":"2025-05-24T12:04:38","guid":{"rendered":"https:\/\/meeeg.uma.es\/?page_id=3406"},"modified":"2025-05-28T09:51:33","modified_gmt":"2025-05-28T07:51:33","slug":"admision","status":"publish","type":"page","link":"https:\/\/meeeg.uma.es\/en\/admision\/","title":{"rendered":"Apply"},"content":{"rendered":"<div data-elementor-type=\"wp-page\" data-elementor-id=\"3406\" class=\"elementor elementor-3406\">\n\t\t\t\t<div class=\"elementor-element elementor-element-086339a e-flex e-con-boxed e-con e-parent\" data-id=\"086339a\" data-element_type=\"container\" data-settings=\"{&quot;background_background&quot;:&quot;classic&quot;}\">\n\t\t\t\t\t<div class=\"e-con-inner\">\n\t\t\t\t<div class=\"elementor-element elementor-element-81736a4 elementor-widget elementor-widget-heading\" data-id=\"81736a4\" data-element_type=\"widget\" data-widget_type=\"heading.default\">\n\t\t\t\t<div class=\"elementor-widget-container\">\n\t\t\t\t\t<h2 class=\"elementor-heading-title elementor-size-default\">APPLICATION<\/h2>\t\t\t\t<\/div>\n\t\t\t\t<\/div>\n\t\t\t\t\t<\/div>\n\t\t\t\t<\/div>\n\t\t<div class=\"elementor-element elementor-element-739f898 e-flex e-con-boxed e-con e-parent\" data-id=\"739f898\" data-element_type=\"container\">\n\t\t\t\t\t<div class=\"e-con-inner\">\n\t\t\t\t<div class=\"elementor-element elementor-element-459473b elementor-widget elementor-widget-heading\" data-id=\"459473b\" data-element_type=\"widget\" data-widget_type=\"heading.default\">\n\t\t\t\t<div class=\"elementor-widget-container\">\n\t\t\t\t\t<h2 class=\"elementor-heading-title elementor-size-default\">Application (2025\/2026 academic year)<\/h2>\t\t\t\t<\/div>\n\t\t\t\t<\/div>\n\t\t\t\t\t<\/div>\n\t\t\t\t<\/div>\n\t\t<div class=\"elementor-element elementor-element-c77be0d e-flex e-con-boxed e-con e-parent\" data-id=\"c77be0d\" data-element_type=\"container\">\n\t\t\t\t\t<div class=\"e-con-inner\">\n\t\t\t\t<div class=\"elementor-element elementor-element-9033041 elementor-widget elementor-widget-text-editor\" data-id=\"9033041\" data-element_type=\"widget\" data-widget_type=\"text-editor.default\">\n\t\t\t\t<div class=\"elementor-widget-container\">\n\t\t\t\t\t\t\t\t\t<p>The Master\u2019s degree programme focuses on economics and international law, and therefore requires a good command of\u2014and ease with\u2014both disciplines. It is particularly <a href=\"https:\/\/www.uma.es\/master-en-estudios-economicos-europeos-en-el-marco-de-la-globalizacion\/info\/134287\/perfil-recomendado-estudios-economicos-europeos\/\" target=\"_blank\" rel=\"noopener\">aimed at<\/a> graduates in Economics, Law and International Relations.<\/p><p>A knowledge of Spanish is a prerequisite for admission, with a minimum requirement of level B2.<\/p><p>The pre-application process is carried out via the <a href=\"https:\/\/www.juntadeandalucia.es\/economiaconocimientoempresasyuniversidad\/sguit\/?q=masteres\" target=\"_blank\" rel=\"noopener\">Andalusian Single District system<\/a>.<\/p><p>\u00a0<\/p><p><strong>Applicants must submit the following documents:<\/strong><\/p><ul><li>Academic transcript<\/li><li>Merits<\/li><li>Certificate of Spanish language proficiency, level B2 or higher (only for non-Spanish-speaking international applicants)*<\/li><\/ul><p>* Valid Spanish language certificates are: i) DELE (Diploma de Espa\u00f1ol como Lengua Extranjera), and ii) SIELE (Servicio Internacional de Evaluaci\u00f3n de la Lengua Espa\u00f1ola). Both are issued by the Instituto Cervantes and must include a verification code. These qualifications are also recognised by the University of M\u00e1laga under its regulations on \u201cACCREDITATION OF FOREIGN LANGUAGE PROFICIENCY: ACCEPTED DOCUMENTS AND EXEMPTIONS\u201d (see the Additional Information section). More information\u00a0<a href=\"https:\/\/www.uma.es\/secretaria-general-uma\/navegador_de_ficheros\/secretaria-general\/descargar\/Documentos%20de%20enlace\/B1\/Anexo%20II_feb22.pdf\" target=\"_blank\" rel=\"noopener\">here<\/a>.<\/p><p>\u00a0<\/p><p><strong>Applicants are ranked according to three criteria:<\/strong><\/p><ol><li>Spanish language certificate (level B2 or above)<\/li><li>Academic background<ol><li>High relevance (1 point): degrees in Economics, Law or International Relations<\/li><li>Medium relevance (0.5 points): degrees in Economic and Business Sciences<\/li><li>Low relevance (0.1 points): degrees in the Social Sciences<\/li><li>No relevance (0 points): other degrees<\/li><\/ol><\/li><li>Merits<ol><li>High relevance (1 point): related to Economics, Public International Law or International Relations<\/li><li>Medium relevance (0.5 points): related to Economic and Business Sciences or other branches of Law<\/li><li>Low relevance (0.1 points): related to the Social Sciences<\/li><li>No relevance (0 points): other merits<\/li><\/ol><\/li><\/ol><p>Applications may be submitted in person at the <a href=\"https:\/\/www.uma.es\/facultad-de-ciencias-economicas-y-empresariales\/info\/119890\/informacion-de-secretaria\/\" target=\"_blank\" rel=\"noopener\">Secretary\u2019s Office of the Faculty of Economics and Business at the University of M\u00e1laga,<\/a> or online at the <a href=\"https:\/\/master.automatricula.uma.es\" target=\"_blank\" rel=\"noopener\">UMA\u2019s self-application system<\/a>.<\/p><p>\u00a0<\/p><p><strong>The approximate total tuition fee is \u20ac889.50.<\/strong><\/p><p><strong>\u00a0<\/strong><\/p><p>The Regional Government of Andalusia will apply additional fee reductions for first-attempt passes in the last two academic years completed in Andalusia.<\/p><p><span style=\"font-weight: bold;\">\u00a0<\/span><\/p><p><span style=\"font-weight: bold;\">Key dates<\/span><\/p><ul><li><strong>PHASE ONE (Exclusively for international students)<\/strong><ul><li>Application period:\u00a0<span style=\"color: var(--ast-global-color-3); font-size: 1rem;\">13\u201329 January<\/span><\/li><li>Assessment of applications: 13 January\u201314 February<\/li><li>First list of successful applicants: 19 February<\/li><li>Second list of successful applicants: 12 March<\/li><li>Third list of successful applicants: 2 April<\/li><\/ul><\/li><li><strong>PHASE TWO (Spanish and international students)<\/strong><ul><li style=\"font-size: 16px; font-style: normal; font-weight: 400;\">Application period:\u00a0<span style=\"color: var(--ast-global-color-3); font-size: 1rem;\">2\u201311 June<\/span><\/li><li style=\"font-size: 16px; font-style: normal; font-weight: 400;\">Assessment of applications: until 1 July<\/li><li style=\"font-size: 16px; font-style: normal; font-weight: 400;\">First list of successful applicants: 7 July<\/li><li style=\"font-size: 16px; font-style: normal; font-weight: 400;\">Second list of successful applicants: 21 July<\/li><li style=\"font-size: 16px; font-style: normal; font-weight: 400;\">Third list of successful applicants: 8 September<\/li><\/ul><\/li><li><strong>PHASE THREE (Spanish and international students)<\/strong><ul><li style=\"font-size: 16px; font-style: normal; font-weight: 400;\">Application period:\u00a0<span style=\"color: var(--ast-global-color-3); font-size: 1rem;\">1\u20138 September<\/span><\/li><li style=\"font-size: 16px; font-style: normal; font-weight: 400;\">Assessment of applications: until 19 September<\/li><li style=\"font-size: 16px; font-style: normal; font-weight: 400;\">First list of successful applicants: 23 September<\/li><li style=\"font-size: 16px; font-style: normal; font-weight: 400;\">Second list of successful applicants: 8 October<\/li><\/ul><\/li><\/ul><p><strong>More information:<\/strong><\/p><ul><li><a href=\"https:\/\/www.uma.es\/master-en-estudios-economicos-europeos-en-el-marco-de-la-globalizacion\/\" target=\"_blank\" rel=\"noreferrer noopener\">Institutional website of the MEEEG programme<\/a><\/li><li><a href=\"https:\/\/www.juntadeandalucia.es\/economiaconocimientoempresasyuniversidad\/sguit\/?q=masteres&amp;d=mo_calendario.php\" target=\"_blank\" rel=\"noreferrer noopener\">Key dates for the Master\u2019s pre-application process<\/a><\/li><li><a href=\"https:\/\/www.uma.es\/seccion-de-estudiantes\/navegador_de_ficheros\/Matricula\/descargar\/Guia_Master_24-25.pdf\" target=\"_blank\" rel=\"noopener\">UMA Master\u2019s application guide<\/a><\/li><li>E-mail:\u00a0<a href=\"mailto:infomeeeg@uma.es\">infomeeeg@uma.es<\/a><\/li><\/ul>\t\t\t\t\t\t\t\t<\/div>\n\t\t\t\t<\/div>\n\t\t\t\t\t<\/div>\n\t\t\t\t<\/div>\n\t\t<div class=\"elementor-element elementor-element-59f0e0a e-grid e-con-boxed e-con e-parent\" data-id=\"59f0e0a\" data-element_type=\"container\">\n\t\t\t\t\t<div class=\"e-con-inner\">\n\t\t\t\t<div class=\"elementor-element elementor-element-189f7cb elementor-align-center elementor-widget elementor-widget-button\" data-id=\"189f7cb\" data-element_type=\"widget\" data-widget_type=\"button.default\">\n\t\t\t\t<div class=\"elementor-widget-container\">\n\t\t\t\t\t\t\t\t\t<div class=\"elementor-button-wrapper\">\n\t\t\t\t\t<a class=\"elementor-button elementor-button-link elementor-size-sm\" href=\"https:\/\/www.uma.es\/master-en-estudios-economicos-europeos-en-el-marco-de-la-globalizacion\/info\/134289\/preinscripcion-estudios-economicos-europeos\/\">\n\t\t\t\t\t\t<span class=\"elementor-button-content-wrapper\">\n\t\t\t\t\t\t\t\t\t<span class=\"elementor-button-text\">Pre-application<\/span>\n\t\t\t\t\t<\/span>\n\t\t\t\t\t<\/a>\n\t\t\t\t<\/div>\n\t\t\t\t\t\t\t\t<\/div>\n\t\t\t\t<\/div>\n\t\t\t\t<div class=\"elementor-element elementor-element-0db46f4 elementor-align-center elementor-widget elementor-widget-button\" data-id=\"0db46f4\" data-element_type=\"widget\" data-widget_type=\"button.default\">\n\t\t\t\t<div class=\"elementor-widget-container\">\n\t\t\t\t\t\t\t\t\t<div class=\"elementor-button-wrapper\">\n\t\t\t\t\t<a class=\"elementor-button elementor-button-link elementor-size-sm\" href=\"https:\/\/www.uma.es\/master-en-estudios-economicos-europeos-en-el-marco-de-la-globalizacion\/info\/134290\/matricula-estudios-economicos-europeos\/\">\n\t\t\t\t\t\t<span class=\"elementor-button-content-wrapper\">\n\t\t\t\t\t\t\t\t\t<span class=\"elementor-button-text\">Application<\/span>\n\t\t\t\t\t<\/span>\n\t\t\t\t\t<\/a>\n\t\t\t\t<\/div>\n\t\t\t\t\t\t\t\t<\/div>\n\t\t\t\t<\/div>\n\t\t\t\t<div class=\"elementor-element elementor-element-0b29ae8 elementor-align-center elementor-widget elementor-widget-button\" data-id=\"0b29ae8\" data-element_type=\"widget\" data-widget_type=\"button.default\">\n\t\t\t\t<div class=\"elementor-widget-container\">\n\t\t\t\t\t\t\t\t\t<div class=\"elementor-button-wrapper\">\n\t\t\t\t\t<a class=\"elementor-button elementor-button-link elementor-size-sm\" href=\"https:\/\/www.uma.es\/master-en-estudios-economicos-europeos-en-el-marco-de-la-globalizacion\/info\/134288\/criterios-de-acceso-y-admision-estudios-economicos-europeos\/\">\n\t\t\t\t\t\t<span class=\"elementor-button-content-wrapper\">\n\t\t\t\t\t\t\t\t\t<span class=\"elementor-button-text\">Admission Criteria<\/span>\n\t\t\t\t\t<\/span>\n\t\t\t\t\t<\/a>\n\t\t\t\t<\/div>\n\t\t\t\t\t\t\t\t<\/div>\n\t\t\t\t<\/div>\n\t\t\t\t\t<\/div>\n\t\t\t\t<\/div>\n\t\t\t\t<\/div>","protected":false},"excerpt":{"rendered":"<p>ADMISI\u00d3N Admisi\u00f3n (curso 2025\/2026) El m\u00e1ster est\u00e1 centrado en la econom\u00eda y el derecho internacional, por lo que requiere cierto dominio y soltura en ambas ramas de conocimiento. Est\u00e1 especialmente dirigido a graduados o licenciados en Econom\u00eda, Derecho y Relaciones Internacionales. Es requisito de admisi\u00f3n el conocimiento del espa\u00f1ol, exigi\u00e9ndose un nivel m\u00ednimo de B2 [&hellip;]<\/p>","protected":false},"author":1,"featured_media":0,"parent":0,"menu_order":0,"comment_status":"closed","ping_status":"closed","template":"","meta":{"site-sidebar-layout":"no-sidebar","site-content-layout":"page-builder","ast-site-content-layout":"full-width-container","site-content-style":"default","site-sidebar-style":"default","ast-global-header-display":"","ast-banner-title-visibility":"","ast-main-header-display":"","ast-hfb-above-header-display":"","ast-hfb-below-header-display":"","ast-hfb-mobile-header-display":"","site-post-title":"disabled","ast-breadcrumbs-content":"","ast-featured-img":"disabled","footer-sml-layout":"","theme-transparent-header-meta":"","adv-header-id-meta":"","stick-header-meta":"","header-above-stick-meta":"","header-main-stick-meta":"","header-below-stick-meta":"","astra-migrate-meta-layouts":"default","ast-page-background-enabled":"default","ast-page-background-meta":{"desktop":{"background-color":"var(--ast-global-color-4)","background-image":"","background-repeat":"repeat","background-position":"center center","background-size":"auto","background-attachment":"scroll","background-type":"","background-media":"","overlay-type":"","overlay-color":"","overlay-opacity":"","overlay-gradient":""},"tablet":{"background-color":"","background-image":"","background-repeat":"repeat","background-position":"center center","background-size":"auto","background-attachment":"scroll","background-type":"","background-media":"","overlay-type":"","overlay-color":"","overlay-opacity":"","overlay-gradient":""},"mobile":{"background-color":"","background-image":"","background-repeat":"repeat","background-position":"center center","background-size":"auto","background-attachment":"scroll","background-type":"","background-media":"","overlay-type":"","overlay-color":"","overlay-opacity":"","overlay-gradient":""}},"ast-content-background-meta":{"desktop":{"background-color":"var(--ast-global-color-5)","background-image":"","background-repeat":"repeat","background-position":"center center","background-size":"auto","background-attachment":"scroll","background-type":"","background-media":"","overlay-type":"","overlay-color":"","overlay-opacity":"","overlay-gradient":""},"tablet":{"background-color":"var(--ast-global-color-5)","background-image":"","background-repeat":"repeat","background-position":"center center","background-size":"auto","background-attachment":"scroll","background-type":"","background-media":"","overlay-type":"","overlay-color":"","overlay-opacity":"","overlay-gradient":""},"mobile":{"background-color":"var(--ast-global-color-5)","background-image":"","background-repeat":"repeat","background-position":"center center","background-size":"auto","background-attachment":"scroll","background-type":"","background-media":"","overlay-type":"","overlay-color":"","overlay-opacity":"","overlay-gradient":""}},"footnotes":""},"class_list":["post-3406","page","type-page","status-publish","hentry"],"_links":{"self":[{"href":"https:\/\/meeeg.uma.es\/en\/wp-json\/wp\/v2\/pages\/3406","targetHints":{"allow":["GET"]}}],"collection":[{"href":"https:\/\/meeeg.uma.es\/en\/wp-json\/wp\/v2\/pages"}],"about":[{"href":"https:\/\/meeeg.uma.es\/en\/wp-json\/wp\/v2\/types\/page"}],"author":[{"embeddable":true,"href":"https:\/\/meeeg.uma.es\/en\/wp-json\/wp\/v2\/users\/1"}],"replies":[{"embeddable":true,"href":"https:\/\/meeeg.uma.es\/en\/wp-json\/wp\/v2\/comments?post=3406"}],"version-history":[{"count":0,"href":"https:\/\/meeeg.uma.es\/en\/wp-json\/wp\/v2\/pages\/3406\/revisions"}],"wp:attachment":[{"href":"https:\/\/meeeg.uma.es\/en\/wp-json\/wp\/v2\/media?parent=3406"}],"curies":[{"name":"wp","href":"https:\/\/api.w.org\/{rel}","templated":true}]}}