{"id":3495,"date":"2025-05-25T08:09:14","date_gmt":"2025-05-25T06:09:14","guid":{"rendered":"https:\/\/meeeg.uma.es\/?page_id=3495"},"modified":"2025-05-25T10:48:04","modified_gmt":"2025-05-25T08:48:04","slug":"aviso-legal","status":"publish","type":"page","link":"https:\/\/meeeg.uma.es\/en\/aviso-legal\/","title":{"rendered":"Legal notice"},"content":{"rendered":"<div data-elementor-type=\"wp-page\" data-elementor-id=\"3495\" class=\"elementor elementor-3495\">\n\t\t\t\t<div class=\"elementor-element elementor-element-dcc7655 e-flex e-con-boxed e-con e-parent\" data-id=\"dcc7655\" data-element_type=\"container\" data-settings=\"{&quot;background_background&quot;:&quot;classic&quot;}\">\n\t\t\t\t\t<div class=\"e-con-inner\">\n\t\t\t\t<div class=\"elementor-element elementor-element-dacfeab elementor-widget elementor-widget-heading\" data-id=\"dacfeab\" data-element_type=\"widget\" data-widget_type=\"heading.default\">\n\t\t\t\t<div class=\"elementor-widget-container\">\n\t\t\t\t\t<h2 class=\"elementor-heading-title elementor-size-default\">Legal notice<\/h2>\t\t\t\t<\/div>\n\t\t\t\t<\/div>\n\t\t\t\t\t<\/div>\n\t\t\t\t<\/div>\n\t\t<div class=\"elementor-element elementor-element-d0b24ee e-flex e-con-boxed e-con e-parent\" data-id=\"d0b24ee\" data-element_type=\"container\">\n\t\t\t\t\t<div class=\"e-con-inner\">\n\t\t\t\t<div class=\"elementor-element elementor-element-47e1d31 elementor-widget elementor-widget-text-editor\" data-id=\"47e1d31\" data-element_type=\"widget\" data-widget_type=\"text-editor.default\">\n\t\t\t\t<div class=\"elementor-widget-container\">\n\t\t\t\t\t\t\t\t\t<p>La utilizaci\u00f3n de esta web est\u00e1 sujeta a las siguientes condiciones de uso. Le rogamos que las lea atentamente. El hecho de acceder a este web y utilizar los materiales contenidos en ella implica que usted ha le\u00eddo y acepta, sin reserva alguna estas condiciones. Asimismo, estos materiales pueden ser modificados, desarrollados o actualizados sin notificaci\u00f3n previa. Por favor revise esta p\u00e1gina peri\u00f3dicamente para los cambios que puedan producirse.<\/p><p>\u00a0<\/p><p><strong>1. DATOS IDENTIFICATIVOS<\/strong><br \/>En cumplimiento con el deber de informaci\u00f3n recogido en art\u00edculo 10 de la Ley 34\/2002, de 11 de julio, de Servicios de la Sociedad de la Informaci\u00f3n y del Comercio Electr\u00f3nico, a continuaci\u00f3n se reflejan los siguientes datos: el organismo titular del portal \u00ab<a href=\"https:\/\/meeeg.uma.es\/en\/\">https:\/\/meeeg.uma.es<\/a>\u00bb es la Universidad de M\u00e1laga cuyos datos de contacto son los siguientes: Pabell\u00f3n de Gobierno, C\/ El Ejido n\u00ba 2, M\u00e1laga 29071. Tel\u00e9fono 952131000. Y en su nombre, el responsable del tratamiento de datos es el M\u00e1ster en Estudios Econ\u00f3micos Europeos en el Marco de la Globalizaci\u00f3n de la Universidad de M\u00e1laga (Espa\u00f1a), a cargo de la persona que ostente la direcci\u00f3n del mismo. El correo electr\u00f3nico de contacto es <a href=\"mailto:infomeeeg@uma.es\">infomeeeg@uma.es<\/a>.<\/p><p>\u00a0<\/p><p><strong>2. USUARIOS<\/strong><br \/>El acceso y\/o uso de este portal del M\u00e1ster en Estudios Econ\u00f3micos Europeos en el Marco de la Globalizaci\u00f3n atribuye la condici\u00f3n de USUARIO, que acepta, desde dicho acceso y\/o uso, las Condiciones Generales de Uso aqu\u00ed reflejadas. Las citadas Condiciones ser\u00e1n de aplicaci\u00f3n independientemente de las Condiciones Generales de Contrataci\u00f3n que en su caso resulten de obligado cumplimiento.<\/p><p>\u00a0<\/p><p><strong>3. USO DEL PORTAL<\/strong><br \/><a href=\"https:\/\/meeeg.uma.es\/en\/\">https:\/\/meeeg.uma.es<\/a> proporciona el acceso a informaciones, servicios, programas o datos (en adelante, \u201clos contenidos\u201d) en Internet pertenecientes al M\u00e1ster en Estudios Econ\u00f3micos Europeos en el Marco de la Globalizaci\u00f3n o a sus licenciantes a los que el USUARIO pueda tener acceso. El USUARIO asume la responsabilidad del uso del portal. Dicha responsabilidad se extiende al registro que fuese necesario para acceder a determinados servicios o contenidos. En dicho registro el USUARIO ser\u00e1 responsable de aportar informaci\u00f3n veraz y l\u00edcita. El USUARIO se compromete a hacer un uso adecuado de los contenidos y servicios\u00a0 que el M\u00e1ster en Estudios Econ\u00f3micos Europeos ene l Marco de la Globalizaci\u00f3n ofrece a trav\u00e9s de su portal y con car\u00e1cter enunciativo pero no limitativo, a no emplearlos para (i) incurrir en actividades il\u00edcitas, ilegales o contrarias a la buena fe y al orden p\u00fablico; (ii) difundir contenidos o propaganda de car\u00e1cter racista, xen\u00f3fobo, pornogr\u00e1fico-ilegal, de apolog\u00eda del terrorismo o atentatorio contra los derechos humanos; (iii) provocar da\u00f1os en los sistemas f\u00edsicos y l\u00f3gicos de el M\u00e1ster en Estudios Econ\u00f3micos Europeos en el Marco de la Globalizaci\u00f3n, de sus proveedores o de terceras personas, introducir o difundir en la red virus inform\u00e1ticos o cualesquiera otros sistemas f\u00edsicos o l\u00f3gicos que sean susceptibles de provocar los da\u00f1os anteriormente mencionados; (iv) intentar acceder y, en su caso, utilizar las cuentas de correo electr\u00f3nico de otros usuarios y modificar o manipular sus mensajes. El M\u00e1ster en Estudios Econ\u00f3micos Europeos en el Marco de la Globalizaci\u00f3n se reserva el derecho de retirar todos aquellos comentarios y aportaciones que vulneren el respeto a la dignidad de la persona, que sean discriminatorios, xen\u00f3fobos, racistas, pornogr\u00e1ficos, que atenten contra la juventud o la infancia, el orden o la seguridad p\u00fablica o que, a su juicio, no resultaran adecuados para su publicaci\u00f3n. En cualquier caso, el M\u00e1ster en Estudios Econ\u00f3micos Europeos en el Marco de la Globalizaci\u00f3n no ser\u00e1 responsable de las opiniones vertidas por los usuarios a trav\u00e9s de los foros, chats, u otras herramientas de participaci\u00f3n.<br \/><br \/><\/p><p><strong>4. PROTECCI\u00d3N DE DATOS<\/strong><br \/>El M\u00e1ster en Estudios Econ\u00f3micos Europeos en el Marco de la Globalizaci\u00f3n cumple con las directrices de la Ley Org\u00e1nica 15\/1999 de 13 de diciembre de Protecci\u00f3n de Datos de Car\u00e1cter Personal, el Real Decreto 1720\/2007 de 21 de diciembre por el que se aprueba el Reglamento de desarrollo de la Ley Org\u00e1nica y dem\u00e1s normativa vigente en cada momento, y vela por garantizar un correcto uso y tratamiento de los datos personales del usuario. Para ello, junto a cada formulario de recabo de datos de car\u00e1cter personal, en los servicios que el usuario pueda solicitar al M\u00e1ster en Estudios Econ\u00f3micos Europeos en el Marco de la Globalizaci\u00f3n, har\u00e1 saber al usuario de la existencia y aceptaci\u00f3n de las condiciones particulares del tratamiento de sus datos en cada caso, inform\u00e1ndole de la responsabilidad del fichero creado, la direcci\u00f3n del responsable, la posibilidad de ejercer sus derechos de acceso, rectificaci\u00f3n, cancelaci\u00f3n u oposici\u00f3n, la finalidad del tratamiento y las comunicaciones de datos a terceros en su caso. Asimismo, el M\u00e1ster en Estudios Econ\u00f3micos Europeos en el Marco de la Globalizaci\u00f3n informa que da cumplimiento a la Ley 34\/2002 de 11 de julio, de Servicios de la Sociedad de la Informaci\u00f3n y el Comercio Electr\u00f3nico y le solicitar\u00e1 su consentimiento al tratamiento de su correo electr\u00f3nico con fines comerciales en cada momento.\u00a0<br \/><br \/><\/p><p><strong>5. PROPIEDAD INTELECTUAL E INDUSTRIAL<\/strong><br \/>El contenido textual de esta sede web, perteneciente al M\u00e1ster en Estudios Econ\u00f3micos Europeos en el Marco de la Globalizaci\u00f3n, se comparte bajo una Licencia Creative Commons Atribuci\u00f3n-CompartirIgual 4.0 Internacional. Est\u00e1 permitido copiar, distribuir y comunicar p\u00fablicamente el contenido textual de esta sede, as\u00ed como hacer obras derivadas, siempre y cuando se respete la autor\u00eda y la obra derivada se comparta bajo una licencia similar. Algunos de los gr\u00e1ficos, fotograf\u00edas o iconos de esta web est\u00e1n protegidos por sus respectivos derechos de autor y han sido empleados conforme a lo establecido en sus respectivas licencias y t\u00e9rminos de uso. Se permite el empleo de enlaces o hiperv\u00ednculos a esta web. No as\u00ed el uso de marcos o frames o cualquier otro mecanismo que oculte la fuente de los contenidos, cualquier uso, transformaci\u00f3n o explotaci\u00f3n de los mismos con fines comerciales, promocionales o contrarias a la ley, moral u orden p\u00fablico que pudiera lesionar intereses de terceros o perjudicar la imagen de alguno de los colaboradores del proyecto. No obstante todo lo expresado, el USUARIO deber\u00e1 abstenerse de suprimir, alterar, eludir o manipular cualquier dispositivo de protecci\u00f3n o sistema de seguridad que estuviera instalado en el las p\u00e1ginas del M\u00e1ster en Estudios Econ\u00f3micos Europeos en el Marco de la Globalizaci\u00f3n.<\/p><p>\u00a0<\/p><p><strong>6. EXCLUSI\u00d3N DE GARANT\u00cdAS Y RESPONSABILIDAD<\/strong><br \/>El M\u00e1ster en Estudios Econ\u00f3micos Europeos en el Marco de la Globalizaci\u00f3n no se hace responsable, en ning\u00fan caso, de los da\u00f1os y perjuicios de cualquier naturaleza que pudieran ocasionar, a t\u00edtulo enunciativo: errores u omisiones en los contenidos, falta de disponibilidad del portal o la transmisi\u00f3n de virus o programas maliciosos o lesivos en los contenidos, a pesar de haber adoptado todas las medidas tecnol\u00f3gicas necesarias para evitarlo.<\/p><p>\u00a0<\/p><p><strong>7. MODIFICACIONES<\/strong><br \/>El M\u00e1ster en Estudios Econ\u00f3micos Europeos en el Marco de la Globalizaci\u00f3n se reserva el derecho de efectuar sin previo aviso las modificaciones que considere oportunas en su portal, pudiendo cambiar, suprimir o a\u00f1adir tanto los contenidos y servicios que se presten a trav\u00e9s de la misma como la forma en la que \u00e9stos aparezcan presentados o localizados en su portal.<\/p><p>\u00a0<\/p><p><strong>8. ENLACES<\/strong><br \/>En el caso de que en nombre del dominio se dispusiesen enlaces o hiperv\u00ednculos hac\u00eda otros sitios de Internet, el M\u00e1ster en Estudios Econ\u00f3micos Europeos en el Marco de la Globalizaci\u00f3n no ejercer\u00e1 ning\u00fan tipo de control sobre dichos sitios y contenidos. En ning\u00fan caso el M\u00e1ster en Estudios Econ\u00f3micos Europeos en el Marco de la Globalizaci\u00f3n asumir\u00e1 responsabilidad alguna por los contenidos de alg\u00fan enlace perteneciente a un sitio web ajeno, ni garantizar\u00e1 la disponibilidad t\u00e9cnica, calidad, fiabilidad, exactitud, amplitud, veracidad, validez y constitucionalidad de cualquier material o informaci\u00f3n contenida en ninguno de dichos hiperv\u00ednculos u otros sitios de Internet. Igualmente la inclusi\u00f3n de estas conexiones externas no implicar\u00e1 ning\u00fan tipo de asociaci\u00f3n, fusi\u00f3n o participaci\u00f3n con las entidades conectadas.<\/p><p>\u00a0<\/p><p><strong>9. DERECHO DE EXCLUSI\u00d3N<\/strong><br \/>El M\u00e1ster en Estudios Econ\u00f3micos Europeos en el Marco de la Globalizaci\u00f3n se reserva el derecho a denegar o retirar el acceso a portal y\/o los servicios ofrecidos sin necesidad de preaviso, a instancia propia o de un tercero, a aquellos usuarios que incumplan las presentes Condiciones Generales de Uso.<\/p><p>\u00a0<\/p><p><strong>10. GENERALIDADES<\/strong><br \/>El M\u00e1ster en Estudios Econ\u00f3micos Europeos en el Marco de la Globalizaci\u00f3n perseguir\u00e1 el incumplimiento de las presentes condiciones as\u00ed como cualquier utilizaci\u00f3n indebida de su portal ejerciendo todas las acciones civiles y penales que le puedan corresponder en derecho.<\/p><p>\u00a0<\/p><p><strong>11. MODIFICACI\u00d3N DE LAS PRESENTES CONDICIONES Y DURACI\u00d3N<\/strong><br \/>El M\u00e1ster en Estudios Econ\u00f3micos Europeos en el Marco de la Globalizaci\u00f3n podr\u00e1 modificar en cualquier momento las condiciones aqu\u00ed determinadas, siendo debidamente publicadas como aqu\u00ed aparecen. La vigencia de las citadas condiciones ir\u00e1 en funci\u00f3n de su exposici\u00f3n y estar\u00e1n vigentes hasta que sean modificadas por otras debidamente publicadas.<\/p><p>\u00a0<\/p><p><strong>12. LEGISLACI\u00d3N APLICABLE Y JURISDICCI\u00d3N<\/strong><br \/>La relaci\u00f3n entre el M\u00e1ster en Estudios Econ\u00f3micos Europeos en el Marco de la Globalizaci\u00f3n y el USUARIO se regir\u00e1 por la normativa espa\u00f1ola vigente y cualquier controversia se someter\u00e1 a los Juzgados y tribunales de la ciudad de M\u00e1laga.<\/p>\t\t\t\t\t\t\t\t<\/div>\n\t\t\t\t<\/div>\n\t\t\t\t\t<\/div>\n\t\t\t\t<\/div>\n\t\t\t\t<\/div>","protected":false},"excerpt":{"rendered":"<p>Aviso legal La utilizaci\u00f3n de esta web est\u00e1 sujeta a las siguientes condiciones de uso. Le rogamos que las lea atentamente. El hecho de acceder a este web y utilizar los materiales contenidos en ella implica que usted ha le\u00eddo y acepta, sin reserva alguna estas condiciones. Asimismo, estos materiales pueden ser modificados, desarrollados o [&hellip;]<\/p>","protected":false},"author":1,"featured_media":0,"parent":0,"menu_order":0,"comment_status":"closed","ping_status":"closed","template":"","meta":{"site-sidebar-layout":"no-sidebar","site-content-layout":"page-builder","ast-site-content-layout":"full-width-container","site-content-style":"default","site-sidebar-style":"default","ast-global-header-display":"","ast-banner-title-visibility":"","ast-main-header-display":"","ast-hfb-above-header-display":"","ast-hfb-below-header-display":"","ast-hfb-mobile-header-display":"","site-post-title":"disabled","ast-breadcrumbs-content":"","ast-featured-img":"disabled","footer-sml-layout":"","theme-transparent-header-meta":"","adv-header-id-meta":"","stick-header-meta":"","header-above-stick-meta":"","header-main-stick-meta":"","header-below-stick-meta":"","astra-migrate-meta-layouts":"set","ast-page-background-enabled":"default","ast-page-background-meta":{"desktop":{"background-color":"var(--ast-global-color-4)","background-image":"","background-repeat":"repeat","background-position":"center center","background-size":"auto","background-attachment":"scroll","background-type":"","background-media":"","overlay-type":"","overlay-color":"","overlay-opacity":"","overlay-gradient":""},"tablet":{"background-color":"","background-image":"","background-repeat":"repeat","background-position":"center center","background-size":"auto","background-attachment":"scroll","background-type":"","background-media":"","overlay-type":"","overlay-color":"","overlay-opacity":"","overlay-gradient":""},"mobile":{"background-color":"","background-image":"","background-repeat":"repeat","background-position":"center center","background-size":"auto","background-attachment":"scroll","background-type":"","background-media":"","overlay-type":"","overlay-color":"","overlay-opacity":"","overlay-gradient":""}},"ast-content-background-meta":{"desktop":{"background-color":"var(--ast-global-color-5)","background-image":"","background-repeat":"repeat","background-position":"center center","background-size":"auto","background-attachment":"scroll","background-type":"","background-media":"","overlay-type":"","overlay-color":"","overlay-opacity":"","overlay-gradient":""},"tablet":{"background-color":"var(--ast-global-color-5)","background-image":"","background-repeat":"repeat","background-position":"center center","background-size":"auto","background-attachment":"scroll","background-type":"","background-media":"","overlay-type":"","overlay-color":"","overlay-opacity":"","overlay-gradient":""},"mobile":{"background-color":"var(--ast-global-color-5)","background-image":"","background-repeat":"repeat","background-position":"center center","background-size":"auto","background-attachment":"scroll","background-type":"","background-media":"","overlay-type":"","overlay-color":"","overlay-opacity":"","overlay-gradient":""}},"footnotes":""},"class_list":["post-3495","page","type-page","status-publish","hentry"],"_links":{"self":[{"href":"https:\/\/meeeg.uma.es\/en\/wp-json\/wp\/v2\/pages\/3495","targetHints":{"allow":["GET"]}}],"collection":[{"href":"https:\/\/meeeg.uma.es\/en\/wp-json\/wp\/v2\/pages"}],"about":[{"href":"https:\/\/meeeg.uma.es\/en\/wp-json\/wp\/v2\/types\/page"}],"author":[{"embeddable":true,"href":"https:\/\/meeeg.uma.es\/en\/wp-json\/wp\/v2\/users\/1"}],"replies":[{"embeddable":true,"href":"https:\/\/meeeg.uma.es\/en\/wp-json\/wp\/v2\/comments?post=3495"}],"version-history":[{"count":0,"href":"https:\/\/meeeg.uma.es\/en\/wp-json\/wp\/v2\/pages\/3495\/revisions"}],"wp:attachment":[{"href":"https:\/\/meeeg.uma.es\/en\/wp-json\/wp\/v2\/media?parent=3495"}],"curies":[{"name":"wp","href":"https:\/\/api.w.org\/{rel}","templated":true}]}}