{"id":3497,"date":"2025-05-25T08:10:08","date_gmt":"2025-05-25T06:10:08","guid":{"rendered":"https:\/\/meeeg.uma.es\/?page_id=3497"},"modified":"2025-05-25T10:48:59","modified_gmt":"2025-05-25T08:48:59","slug":"politica-de-privacidad","status":"publish","type":"page","link":"https:\/\/meeeg.uma.es\/en\/politica-de-privacidad\/","title":{"rendered":"Privacy Policy"},"content":{"rendered":"<div data-elementor-type=\"wp-page\" data-elementor-id=\"3497\" class=\"elementor elementor-3497\">\n\t\t\t\t<div class=\"elementor-element elementor-element-0655d60 e-flex e-con-boxed e-con e-parent\" data-id=\"0655d60\" data-element_type=\"container\" data-settings=\"{&quot;background_background&quot;:&quot;classic&quot;}\">\n\t\t\t\t\t<div class=\"e-con-inner\">\n\t\t\t\t<div class=\"elementor-element elementor-element-7b74028 elementor-widget elementor-widget-heading\" data-id=\"7b74028\" data-element_type=\"widget\" data-widget_type=\"heading.default\">\n\t\t\t\t<div class=\"elementor-widget-container\">\n\t\t\t\t\t<h2 class=\"elementor-heading-title elementor-size-default\">POL\u00cdTICA DE PRIVACIDAD<\/h2>\t\t\t\t<\/div>\n\t\t\t\t<\/div>\n\t\t\t\t\t<\/div>\n\t\t\t\t<\/div>\n\t\t<div class=\"elementor-element elementor-element-55bcb70 e-flex e-con-boxed e-con e-parent\" data-id=\"55bcb70\" data-element_type=\"container\">\n\t\t\t\t\t<div class=\"e-con-inner\">\n\t\t\t\t<div class=\"elementor-element elementor-element-44b3d92 elementor-widget elementor-widget-text-editor\" data-id=\"44b3d92\" data-element_type=\"widget\" data-widget_type=\"text-editor.default\">\n\t\t\t\t<div class=\"elementor-widget-container\">\n\t\t\t\t\t\t\t\t\t<p><strong>Finalidad<\/strong><br \/>La finalidad del tratamiento de los datos corresponde a cada una de las actividades de tratamiento que realiza la Universidad de M\u00e1laga. Seg\u00fan el caso concreto, se tratar\u00e1n para gestionar y atender a solicitudes de informaci\u00f3n, consultas, dudas o sugerencias, o cualesquiera servicios de educaci\u00f3n superior, investigaci\u00f3n y la gesti\u00f3n de los servicios de la administraci\u00f3n p\u00fablica universitaria. Los datos personales podr\u00e1n ser utilizados con la finalidad de efectuar estad\u00edsticas, gesti\u00f3n de incidencias, adem\u00e1s de para las que expresamente se hayan recogido los datos. Los datos de car\u00e1cter personal que se pudieran recabar directamente de la persona interesada ser\u00e1n tratados de forma confidencial y quedar\u00e1n incorporados a la correspondiente actividad de tratamiento titularidad de la Universidad de M\u00e1laga.<\/p><p>\u00a0<\/p><p><strong>Legitimaci\u00f3n<\/strong><br \/>El tratamiento de sus datos se realiza para el cumplimiento de obligaciones legales por parte de la Universidad de M\u00e1laga, para el cumplimiento de misiones realizada en inter\u00e9s p\u00fablico o en el ejercicio de poderes p\u00fablicos conferidos a la Universidad de M\u00e1laga, as\u00ed como cuando la finalidad del tratamiento requiera su consentimiento, que habr\u00e1 de ser prestado mediante una clara acci\u00f3n afirmativa.<\/p><p>\u00a0<\/p><p><strong>Conservaci\u00f3n de datos<\/strong><br \/>Los datos personales proporcionados se conservar\u00e1n durante el tiempo necesario para cumplir con la finalidad para la que se recaban y para determinar las posibles responsabilidades que se pudieran derivar de la finalidad, adem\u00e1s de los per\u00edodos establecidos en la normativa de archivos y documentaci\u00f3n.<\/p><p>\u00a0<\/p><p><strong>Comunicaci\u00f3n de datos<\/strong><br \/>Con car\u00e1cter general no se comunicar\u00e1n los datos personales a terceros, salvo que est\u00e9 as\u00ed previsto por la ley o sea necesario para la gesti\u00f3n de los servicios solicitados. Con car\u00e1cter espec\u00edfico, podr\u00e1n ser destinatarios de la informaci\u00f3n solicitada:<\/p><ul><li>Ministerio de Educaci\u00f3n y Formaci\u00f3n Profesional, de acuerdo con las competencias que determine la Ley Org\u00e1nica 6\/2001, de 21 de diciembre, de Universidades, modificada por la Ley Org\u00e1nica 4\/2007.<\/li><li>Consejer\u00eda con competencias en materia de Universidades, de acuerdo con las competencias que determine el Decreto Legislativo 1\/2013, de 8 de enero, por el que se aprueba el Texto Refundido de la Ley Andaluza de Universidades.<\/li><li>Instituto Nacional de Estad\u00edstica para la gesti\u00f3n de datos estad\u00edsticos, de acuerdo con lo previsto en la Ley 12\/1989, de 9 de mayo, de la Funci\u00f3n Estad\u00edstica P\u00fablica.<\/li><li>Otras Universidades, en caso de la solicitud de traslado de expedientes, de acuerdo con lo previsto en la Ley Org\u00e1nica 6\/2001, de 21 de diciembre, de Universidades.<\/li><\/ul><p><strong>Derechos de las personas interesadas<\/strong><br \/>Cualquier persona puede solicitar el ejercicio de los siguientes derechos, utilizando los procedimientos electr\u00f3nicos disponibles en la sede electr\u00f3nica o bien mediante los formularios espec\u00edficos que puede entregar en cualquier registro p\u00fablico:<\/p><ul><li>Derecho de acceso: permite al interesado conocer y obtener informaci\u00f3n sobre sus datos de car\u00e1cter personal sometidos a tratamiento.<\/li><li>Derecho de rectificaci\u00f3n: permite corregir errores y modificar los datos que resulten inexactos o incompletos.<\/li><li>Derecho de cancelaci\u00f3n: permite que se supriman los datos que resulten inadecuados o excesivos.<\/li><li>Derecho de supresi\u00f3n: permite al interesado oponerse a que no se realice el tratamiento de sus datos de car\u00e1cter personal o se cese en su tratamiento.<\/li><li>Limitaci\u00f3n del tratamiento: conlleva el marcaje de los datos personales conservados, con el fin de limitar su futuro tratamiento.<\/li><li>Portabilidad de los datos: permite facilitar al interesado sus datos objeto de tratamiento, para que pueda transmitirlos a otro responsable sin impedimentos.<\/li><li>Derecho a no ser objeto de decisiones individuales automatizadas, incluida la elaboraci\u00f3n de perfiles, que produzca efectos jur\u00eddicos o afecte significativamente.<\/li><li>Derecho a retirar el consentimiento prestado en cualquier momento.<\/li><\/ul><p>Adem\u00e1s, el interesado tiene derecho a presentar una reclamaci\u00f3n ante una autoridad de control si considera que pueden haberse vulnerado sus derechos con respecto a la protecci\u00f3n de sus datos, a trav\u00e9s del siguiente enlace: <a href=\"https:\/\/www.aepd.es\" target=\"_blank\" rel=\"noopener\">https:\/\/www.aepd.es<\/a>. Enlaces a la normativa vigente <a href=\"https:\/\/www.boe.es\/eli\/es\/lo\/2018\/12\/05\/3\/con\" target=\"_blank\" rel=\"noopener\">Reglamento Europeo de Protecci\u00f3n de Datos Ley Org\u00e1nica 3\/2018, de 5 de diciembre, de Protecci\u00f3n de Datos Personales y garant\u00eda de los derechos digitales<\/a>.<\/p>\t\t\t\t\t\t\t\t<\/div>\n\t\t\t\t<\/div>\n\t\t\t\t\t<\/div>\n\t\t\t\t<\/div>\n\t\t\t\t<\/div>","protected":false},"excerpt":{"rendered":"<p>POL\u00cdTICA DE PRIVACIDAD FinalidadLa finalidad del tratamiento de los datos corresponde a cada una de las actividades de tratamiento que realiza la Universidad de M\u00e1laga. Seg\u00fan el caso concreto, se tratar\u00e1n para gestionar y atender a solicitudes de informaci\u00f3n, consultas, dudas o sugerencias, o cualesquiera servicios de educaci\u00f3n superior, investigaci\u00f3n y la gesti\u00f3n de los [&hellip;]<\/p>","protected":false},"author":1,"featured_media":0,"parent":0,"menu_order":0,"comment_status":"closed","ping_status":"closed","template":"","meta":{"site-sidebar-layout":"no-sidebar","site-content-layout":"page-builder","ast-site-content-layout":"full-width-container","site-content-style":"default","site-sidebar-style":"default","ast-global-header-display":"","ast-banner-title-visibility":"","ast-main-header-display":"","ast-hfb-above-header-display":"","ast-hfb-below-header-display":"","ast-hfb-mobile-header-display":"","site-post-title":"disabled","ast-breadcrumbs-content":"","ast-featured-img":"disabled","footer-sml-layout":"","theme-transparent-header-meta":"","adv-header-id-meta":"","stick-header-meta":"","header-above-stick-meta":"","header-main-stick-meta":"","header-below-stick-meta":"","astra-migrate-meta-layouts":"set","ast-page-background-enabled":"default","ast-page-background-meta":{"desktop":{"background-color":"var(--ast-global-color-4)","background-image":"","background-repeat":"repeat","background-position":"center center","background-size":"auto","background-attachment":"scroll","background-type":"","background-media":"","overlay-type":"","overlay-color":"","overlay-opacity":"","overlay-gradient":""},"tablet":{"background-color":"","background-image":"","background-repeat":"repeat","background-position":"center center","background-size":"auto","background-attachment":"scroll","background-type":"","background-media":"","overlay-type":"","overlay-color":"","overlay-opacity":"","overlay-gradient":""},"mobile":{"background-color":"","background-image":"","background-repeat":"repeat","background-position":"center center","background-size":"auto","background-attachment":"scroll","background-type":"","background-media":"","overlay-type":"","overlay-color":"","overlay-opacity":"","overlay-gradient":""}},"ast-content-background-meta":{"desktop":{"background-color":"var(--ast-global-color-5)","background-image":"","background-repeat":"repeat","background-position":"center center","background-size":"auto","background-attachment":"scroll","background-type":"","background-media":"","overlay-type":"","overlay-color":"","overlay-opacity":"","overlay-gradient":""},"tablet":{"background-color":"var(--ast-global-color-5)","background-image":"","background-repeat":"repeat","background-position":"center center","background-size":"auto","background-attachment":"scroll","background-type":"","background-media":"","overlay-type":"","overlay-color":"","overlay-opacity":"","overlay-gradient":""},"mobile":{"background-color":"var(--ast-global-color-5)","background-image":"","background-repeat":"repeat","background-position":"center center","background-size":"auto","background-attachment":"scroll","background-type":"","background-media":"","overlay-type":"","overlay-color":"","overlay-opacity":"","overlay-gradient":""}},"footnotes":""},"class_list":["post-3497","page","type-page","status-publish","hentry"],"_links":{"self":[{"href":"https:\/\/meeeg.uma.es\/en\/wp-json\/wp\/v2\/pages\/3497","targetHints":{"allow":["GET"]}}],"collection":[{"href":"https:\/\/meeeg.uma.es\/en\/wp-json\/wp\/v2\/pages"}],"about":[{"href":"https:\/\/meeeg.uma.es\/en\/wp-json\/wp\/v2\/types\/page"}],"author":[{"embeddable":true,"href":"https:\/\/meeeg.uma.es\/en\/wp-json\/wp\/v2\/users\/1"}],"replies":[{"embeddable":true,"href":"https:\/\/meeeg.uma.es\/en\/wp-json\/wp\/v2\/comments?post=3497"}],"version-history":[{"count":0,"href":"https:\/\/meeeg.uma.es\/en\/wp-json\/wp\/v2\/pages\/3497\/revisions"}],"wp:attachment":[{"href":"https:\/\/meeeg.uma.es\/en\/wp-json\/wp\/v2\/media?parent=3497"}],"curies":[{"name":"wp","href":"https:\/\/api.w.org\/{rel}","templated":true}]}}